{"id":9865,"date":"2023-08-03T17:01:10","date_gmt":"2023-08-03T15:01:10","guid":{"rendered":"https:\/\/webdev.topymedia.com\/refontetopymedia\/?page_id=9865"},"modified":"2024-11-13T12:22:19","modified_gmt":"2024-11-13T11:22:19","slug":"shooting-photo-video","status":"publish","type":"page","link":"https:\/\/webdev.topymedia.com\/refontetopymedia\/services-communication\/shooting-photo-video\/","title":{"rendered":"Shooting photo et vid\u00e9o"},"content":{"rendered":"<p>[vc_row][vc_column css=&#8221;.vc_custom_1731496936632{margin-top: 65px !important;}&#8221;]      <div class=\"heading-block heading-606b0d4647a12 tal h-h1\">\n                  <div class=\"sub-h\">les offres de l'agence<\/div>\n                  <h1 class=\"h\">Shooting photo<br \/>\net vid\u00e9o<\/h1>\n              <\/div>\n    [\/vc_column][\/vc_row][vc_row][vc_column width=&#8221;2\/3&#8243;][vc_column_text]<\/p>\n<h5>Pour des visuels professionnels qui inspirent confiance !<\/h5>\n<p style=\"font-family: 'Fira Sans'; color: #9b9b9b; font-weight: 300;\">Topymedia vous propose un service sur-mesure de shooting vid\u00e9o et photo.<br \/>\nDe la conception du projet \u00e0 la r\u00e9alisation, nous mettons notre exp\u00e9rience au service de vos id\u00e9es.<br \/>\nVid\u00e9aste et photographe professionnel, nous r\u00e9alisons diff\u00e9rents formats de vid\u00e9os : publicit\u00e9, pr\u00e9sentation d\u2019entreprise, reportage et shooting photo.<br \/>\nNous nous d\u00e9pla\u00e7ons dans toute la gironde (h\u00f4tel, lieu touristique, paysage particulier \u2026).<\/p>\n<p>[\/vc_column_text][\/vc_column][vc_column width=&#8221;1\/3&#8243;][vc_empty_space]      <div class=\"heading-block heading-606b0dabdc415 tac h-h2\">\n                  <h2 class=\"h\"><span>318<\/span> clients<\/h2>\n              <\/div>\n    [vc_column_text]<\/p>\n<p style=\"text-align: center;\">ont confi\u00e9 leur communication<br \/>\n\u00e0 Topymedia depuis <strong>2008<\/strong>[\/vc_column_text][\/vc_column][\/vc_row][vc_row][vc_column width=&#8221;1\/4&#8243;]      <div class=\"heading-block heading-606b0e3aef629 tac h-h2\">\n                  <h2 class=\"h\">offres de <span>shooting photo et vid\u00e9o<\/span><\/h2>\n              <\/div>\n    [\/vc_column][vc_column width=&#8221;3\/4&#8243;]      <div class=\"heading-block heading-606b0e5637549 tal h-h3 with-bottom-line\">\n                  <h3 class=\"h\">Photographie professionnelle<\/h3>\n              <\/div>\n    [vc_column_text]<\/p>\n<p style=\"font-family: 'Fira Sans'; color: #9b9b9b; font-weight: 300;\">Nous r\u00e9alisons des photos de vos produits, de votre \u00e9tablissement, de lieux int\u00e9rieurs et ext\u00e9rieurs.<\/p>\n<p>[\/vc_column_text]      <div class=\"heading-block heading-606b0e7114b26 tal h-h3 with-bottom-line\">\n                  <h3 class=\"h\">Captation vid\u00e9o<\/h3>\n              <\/div>\n    [vc_column_text]<\/p>\n<p style=\"font-family: 'Fira Sans'; color: #9b9b9b; font-weight: 300;\">Nous r\u00e9alisons des vid\u00e9os promotionnelles de vos produits, de votre entreprise&#8230; nous pouvons \u00e9galement inclure des vues drone afin d&#8217;avoir des images \u00e9poustouflantes qui feront la diff\u00e9rence !<\/p>\n<p>[\/vc_column_text][\/vc_column][\/vc_row][vc_row][vc_column]      <div class=\"heading-block heading-62c589c3c773a tac h-h2 with-bottom-line\">\n                  <h2 class=\"h\">Quelques <span>exemples<\/span> de r\u00e9alisations vid\u00e9o<\/h2>\n              <\/div>\n        <section class=\"video-block video-block-64cbc06f84a56\" style=\"height: 350px; background-image: url(https:\/\/webdev.topymedia.com\/refontetopymedia\/wp-content\/uploads\/2023\/08\/lodging.png);\">\n      \n    <div class=\"bg-overlay\">\n              <div class=\"video\"><video id=\"video-69fc8f1ca07f8\" class=\"jquery-background-video\" playsinline muted loop src=\"https:\/\/webdev.topymedia.com\/refontetopymedia\/wp-content\/uploads\/2023\/08\/lodging_du_lac_topymedia-Original.mp4\" type=\"video\/mp4\" preload=\"none\"><\/video><\/div>                  <\/div>\n\n          <div class=\"content\">\n        <a class=\"play-button single-popup-item on-center\" href=\"#\" data-type=\"video\" data-size=\"960x640\" data-video='<div class=\"wrapper\"><div class=\"video-wrapper\"><iframe class=\"pswp__video\" width=\"960\" height=\"640\" src=\"https:\/\/webdev.topymedia.com\/refontetopymedia\/wp-content\/uploads\/2023\/08\/lodging_du_lac_topymedia-Original.mp4\" frameborder=\"0\" allowfullscreen><\/iframe><\/div><\/div>'><span><i class=\"essential-set-play-button\"><\/i><\/span><\/a>\n      <\/div>\n    <\/section>\n    [vc_column_text]<\/p>\n<p style=\"font-family: 'Fira Sans'; color: #9b9b9b; font-weight: 300; text-align: center;\">Pr\u00e9sentation du camping Le Lodging Le Lac \u00e0 Lacanau (33). Vues drone, int\u00e9rieur, ext\u00e9rieur &#8230;<\/p>\n<p>[\/vc_column_text]    <section class=\"video-block video-block-64cbc248d0444\" style=\"height: 350px; background-image: url(https:\/\/webdev.topymedia.com\/refontetopymedia\/wp-content\/uploads\/2023\/08\/b-comme-bistrot.png);\">\n      \n    <div class=\"bg-overlay\">\n              <div class=\"video\"><video id=\"video-69fc8f1ca0eff\" class=\"jquery-background-video\" playsinline muted loop src=\"https:\/\/webdev.topymedia.com\/refontetopymedia\/wp-content\/uploads\/2023\/08\/b_comme_bistrot_mai_2023-Original1.mp4\" type=\"video\/mp4\" preload=\"none\"><\/video><\/div>                  <\/div>\n\n          <div class=\"content\">\n        <a class=\"play-button single-popup-item on-center\" href=\"#\" data-type=\"video\" data-size=\"960x640\" data-video='<div class=\"wrapper\"><div class=\"video-wrapper\"><iframe class=\"pswp__video\" width=\"960\" height=\"640\" src=\"https:\/\/webdev.topymedia.com\/refontetopymedia\/wp-content\/uploads\/2023\/08\/b_comme_bistrot_mai_2023-Original1.mp4\" frameborder=\"0\" allowfullscreen><\/iframe><\/div><\/div>'><span><i class=\"essential-set-play-button\"><\/i><\/span><\/a>\n      <\/div>\n    <\/section>\n    [vc_column_text]<\/p>\n<p style=\"font-family: 'Fira Sans'; color: #9b9b9b; font-weight: 300; text-align: center;\">Pr\u00e9sentation du restaurant B Comme Bistrot \u00e0 Ar\u00e8s (33). Interview du fondateur, vues drone, int\u00e9rieur, ext\u00e9rieur &#8230;<\/p>\n<p>[\/vc_column_text][\/vc_column][\/vc_row][vc_row][vc_column][vc_empty_space height=&#8221;75px&#8221;][\/vc_column][\/vc_row][vc_row full_width=&#8221;stretch_row&#8221; css=&#8221;.vc_custom_1721214441739{border-top-width: 1px !important;border-bottom-width: 1px !important;border-top-color: #707070 !important;border-top-style: solid !important;border-bottom-color: #707070 !important;border-bottom-style: solid !important;}&#8221; uniqid=&#8221;6697a5c7868b8&#8243;][vc_column]      <div class=\"heading-block heading-6697a5a58bf7b tac h-h2 with-bottom-line\">\n                  <div class=\"sub-h\">Nos zones d\u2019interventions<\/div>\n              <\/div>\n    [vc_column_text]<\/p>\n<p style=\"text-align: center;\"><span style=\"color: #ffffff;\"><a style=\"color: #ffffff;\" href=\"https:\/\/webdev.topymedia.com\/refontetopymedia\/services-communication\/web-et-marketing-digital\/creation-de-site-internet\/marcheprime\/\">Marcheprime<\/a> &#8211;\u00a0<a style=\"color: #ffffff;\" href=\"https:\/\/webdev.topymedia.com\/refontetopymedia\/services-communication\/web-et-marketing-digital\/creation-de-site-internet\/biganos\/\">Biganos<\/a>\u00a0&#8211; <a style=\"color: #ffffff;\" href=\"https:\/\/webdev.topymedia.com\/refontetopymedia\/services-communication\/web-et-marketing-digital\/creation-de-site-internet\/andernos\/\">Andernos<\/a> &#8211;\u00a0<a style=\"color: #ffffff;\" href=\"https:\/\/webdev.topymedia.com\/refontetopymedia\/services-communication\/web-et-marketing-digital\/creation-de-site-internet\/lege-cap-ferret\/\">L\u00e8ge-Cap Ferret<\/a> &#8211;\u00a0<a style=\"color: #ffffff;\" href=\"https:\/\/webdev.topymedia.com\/refontetopymedia\/services-communication\/web-et-marketing-digital\/creation-de-site-internet\/gujan-mestras\/\">Gujan-Mestras<\/a> &#8211; <a style=\"color: #ffffff;\" href=\"https:\/\/webdev.topymedia.com\/refontetopymedia\/services-communication\/web-et-marketing-digital\/creation-de-site-internet\/la-teste-de-buch\/\">La Teste-de-Buch<\/a> &#8211;\u00a0<a style=\"color: #ffffff;\" href=\"https:\/\/webdev.topymedia.com\/refontetopymedia\/services-communication\/web-et-marketing-digital\/creation-de-site-internet\/arcachon\/\">Arcachon<\/a>\u00a0&#8211; <a style=\"color: #ffffff;\" href=\"https:\/\/webdev.topymedia.com\/refontetopymedia\/services-communication\/web-et-marketing-digital\/creation-de-site-internet\/ares\/\">Ar\u00e8s<\/a> &#8211; <a style=\"color: #ffffff;\" href=\"https:\/\/webdev.topymedia.com\/refontetopymedia\/services-communication\/web-et-marketing-digital\/creation-de-site-internet\/audenge\/\">Audenge<\/a> &#8211; <a style=\"color: #ffffff;\" href=\"https:\/\/webdev.topymedia.com\/refontetopymedia\/services-communication\/web-et-marketing-digital\/creation-de-site-internet\/le-barp\/\">Le Barp<\/a> &#8211; <a style=\"color: #ffffff;\" href=\"https:\/\/webdev.topymedia.com\/refontetopymedia\/services-communication\/web-et-marketing-digital\/creation-de-site-internet\/belin-beliet\/\">Belin-Beliet<\/a> &#8211; <a style=\"color: #ffffff;\" href=\"https:\/\/webdev.topymedia.com\/refontetopymedia\/services-communication\/web-et-marketing-digital\/creation-de-site-internet\/lanton\/\">Lanton<\/a> &#8211; <a style=\"color: #ffffff;\" href=\"https:\/\/webdev.topymedia.com\/refontetopymedia\/services-communication\/web-et-marketing-digital\/creation-de-site-internet\/lugos\/\">Lugos<\/a> &#8211; <a style=\"color: #ffffff;\" href=\"https:\/\/webdev.topymedia.com\/refontetopymedia\/services-communication\/web-et-marketing-digital\/creation-de-site-internet\/mios\/\">Mios<\/a> &#8211; <a style=\"color: #ffffff;\" href=\"https:\/\/webdev.topymedia.com\/refontetopymedia\/services-communication\/web-et-marketing-digital\/creation-de-site-internet\/salles\/\">Salles<\/a> &#8211; <a style=\"color: #ffffff;\" href=\"https:\/\/webdev.topymedia.com\/refontetopymedia\/services-communication\/web-et-marketing-digital\/creation-de-site-internet\/le-teich\/\">Le Teich<\/a> &#8211; <a style=\"color: #ffffff;\" href=\"https:\/\/webdev.topymedia.com\/refontetopymedia\/services-communication\/web-et-marketing-digital\/creation-de-site-internet\/saint-magne\/\">Saint-Magne<\/a><\/span><\/p>\n<p>[\/vc_column_text][\/vc_column][\/vc_row][vc_row][vc_column][vc_empty_space height=&#8221;55px&#8221;][\/vc_column][\/vc_row][vc_row][vc_column el_id=&#8221;btn-call&#8221;]          <div class=\"button-container button-67348b77c4021 right\">\n        <a class=\"button-style2\" href=\"tel:%20%200540804273\" target=\"_self\">\n                    <span>Appeler l'agence<\/span>\n        <\/a>\n      <\/div>\n        [\/vc_column][\/vc_row]<\/p>\n","protected":false},"excerpt":{"rendered":"<p>[vc_row][vc_column css=&#8221;.vc_custom_1731496936632{margin-top: 65px !important;}&#8221;][\/vc_column][\/vc_row][vc_row][vc_column width=&#8221;2\/3&#8243;][vc_column_text] Pour des visuels professionnels qui inspirent confiance ! Topymedia vous propose un service sur-mesure de shooting vid\u00e9o et photo. De la conception du projet \u00e0 la r\u00e9alisation, nous mettons notre exp\u00e9rience au service de vos id\u00e9es. Vid\u00e9aste et photographe professionnel, nous r\u00e9alisons diff\u00e9rents formats de vid\u00e9os : publicit\u00e9, pr\u00e9sentation d\u2019entreprise, [&hellip;]<\/p>\n","protected":false},"author":3,"featured_media":0,"parent":8785,"menu_order":0,"comment_status":"closed","ping_status":"closed","template":"template-landing.php","meta":{"_acf_changed":false,"footnotes":""},"class_list":["post-9865","page","type-page","status-publish","hentry"],"acf":[],"yoast_head":"<!-- This site is optimized with the Yoast SEO plugin v27.5 - https:\/\/yoast.com\/product\/yoast-seo-wordpress\/ -->\n<title>Shooting photo et vid\u00e9o &#8226; Topymedia<\/title>\n<meta name=\"description\" content=\"Votre agence de communication \u00e0 Andernos vous propose un service sur-mesure de shooting vid\u00e9o et photo : photographie professionnelle, vid\u00e9o.\" \/>\n<meta name=\"robots\" content=\"index, follow, max-snippet:-1, max-image-preview:large, max-video-preview:-1\" \/>\n<link rel=\"canonical\" href=\"https:\/\/webdev.topymedia.com\/refontetopymedia\/services-communication\/shooting-photo-video\/\" \/>\n<meta property=\"og:locale\" content=\"fr_FR\" \/>\n<meta property=\"og:type\" content=\"article\" \/>\n<meta property=\"og:title\" content=\"Shooting photo et vid\u00e9o &#8226; Topymedia\" \/>\n<meta property=\"og:description\" content=\"Votre agence de communication \u00e0 Andernos vous propose un service sur-mesure de shooting vid\u00e9o et photo : photographie professionnelle, vid\u00e9o.\" \/>\n<meta property=\"og:url\" content=\"https:\/\/webdev.topymedia.com\/refontetopymedia\/services-communication\/shooting-photo-video\/\" \/>\n<meta property=\"og:site_name\" content=\"Topymedia\" \/>\n<meta property=\"article:publisher\" content=\"https:\/\/www.facebook.com\/topymedia\" \/>\n<meta property=\"article:modified_time\" content=\"2024-11-13T11:22:19+00:00\" \/>\n<meta property=\"og:image\" content=\"https:\/\/webdev.topymedia.com\/refontetopymedia\/wp-content\/uploads\/2021\/04\/communication-scaled.jpeg\" \/>\n\t<meta property=\"og:image:width\" content=\"2560\" \/>\n\t<meta property=\"og:image:height\" content=\"1536\" \/>\n\t<meta property=\"og:image:type\" content=\"image\/jpeg\" \/>\n<meta name=\"twitter:card\" content=\"summary_large_image\" \/>\n<meta name=\"twitter:label1\" content=\"Dur\u00e9e de lecture estim\u00e9e\" \/>\n\t<meta name=\"twitter:data1\" content=\"2 minutes\" \/>\n<script type=\"application\/ld+json\" class=\"yoast-schema-graph\">{\"@context\":\"https:\\\/\\\/schema.org\",\"@graph\":[{\"@type\":\"WebPage\",\"@id\":\"https:\\\/\\\/webdev.topymedia.com\\\/refontetopymedia\\\/services-communication\\\/shooting-photo-video\\\/\",\"url\":\"https:\\\/\\\/webdev.topymedia.com\\\/refontetopymedia\\\/services-communication\\\/shooting-photo-video\\\/\",\"name\":\"Shooting photo et vid\u00e9o &#8226; Topymedia\",\"isPartOf\":{\"@id\":\"https:\\\/\\\/webdev.topymedia.com\\\/refontetopymedia\\\/#website\"},\"datePublished\":\"2023-08-03T15:01:10+00:00\",\"dateModified\":\"2024-11-13T11:22:19+00:00\",\"description\":\"Votre agence de communication \u00e0 Andernos vous propose un service sur-mesure de shooting vid\u00e9o et photo : photographie professionnelle, vid\u00e9o.\",\"breadcrumb\":{\"@id\":\"https:\\\/\\\/webdev.topymedia.com\\\/refontetopymedia\\\/services-communication\\\/shooting-photo-video\\\/#breadcrumb\"},\"inLanguage\":\"fr-FR\",\"potentialAction\":[{\"@type\":\"ReadAction\",\"target\":[\"https:\\\/\\\/webdev.topymedia.com\\\/refontetopymedia\\\/services-communication\\\/shooting-photo-video\\\/\"]}]},{\"@type\":\"BreadcrumbList\",\"@id\":\"https:\\\/\\\/webdev.topymedia.com\\\/refontetopymedia\\\/services-communication\\\/shooting-photo-video\\\/#breadcrumb\",\"itemListElement\":[{\"@type\":\"ListItem\",\"position\":1,\"name\":\"Accueil\",\"item\":\"https:\\\/\\\/webdev.topymedia.com\\\/refontetopymedia\\\/\"},{\"@type\":\"ListItem\",\"position\":2,\"name\":\"Les prestations qui vont vous mettre en lumi\u00e8re\",\"item\":\"https:\\\/\\\/webdev.topymedia.com\\\/refontetopymedia\\\/services-communication\\\/\"},{\"@type\":\"ListItem\",\"position\":3,\"name\":\"Shooting photo et vid\u00e9o\"}]},{\"@type\":\"WebSite\",\"@id\":\"https:\\\/\\\/webdev.topymedia.com\\\/refontetopymedia\\\/#website\",\"url\":\"https:\\\/\\\/webdev.topymedia.com\\\/refontetopymedia\\\/\",\"name\":\"Topymedia\",\"description\":\"Agence de communication - Bassin d&#039;Arcachon &amp; Bordeaux M\u00e9tropole\",\"potentialAction\":[{\"@type\":\"SearchAction\",\"target\":{\"@type\":\"EntryPoint\",\"urlTemplate\":\"https:\\\/\\\/webdev.topymedia.com\\\/refontetopymedia\\\/?s={search_term_string}\"},\"query-input\":{\"@type\":\"PropertyValueSpecification\",\"valueRequired\":true,\"valueName\":\"search_term_string\"}}],\"inLanguage\":\"fr-FR\"}]}<\/script>\n<!-- \/ Yoast SEO plugin. -->","yoast_head_json":{"title":"Shooting photo et vid\u00e9o &#8226; Topymedia","description":"Votre agence de communication \u00e0 Andernos vous propose un service sur-mesure de shooting vid\u00e9o et photo : photographie professionnelle, vid\u00e9o.","robots":{"index":"index","follow":"follow","max-snippet":"max-snippet:-1","max-image-preview":"max-image-preview:large","max-video-preview":"max-video-preview:-1"},"canonical":"https:\/\/webdev.topymedia.com\/refontetopymedia\/services-communication\/shooting-photo-video\/","og_locale":"fr_FR","og_type":"article","og_title":"Shooting photo et vid\u00e9o &#8226; Topymedia","og_description":"Votre agence de communication \u00e0 Andernos vous propose un service sur-mesure de shooting vid\u00e9o et photo : photographie professionnelle, vid\u00e9o.","og_url":"https:\/\/webdev.topymedia.com\/refontetopymedia\/services-communication\/shooting-photo-video\/","og_site_name":"Topymedia","article_publisher":"https:\/\/www.facebook.com\/topymedia","article_modified_time":"2024-11-13T11:22:19+00:00","og_image":[{"width":2560,"height":1536,"url":"https:\/\/webdev.topymedia.com\/refontetopymedia\/wp-content\/uploads\/2021\/04\/communication-scaled.jpeg","type":"image\/jpeg"}],"twitter_card":"summary_large_image","twitter_misc":{"Dur\u00e9e de lecture estim\u00e9e":"2 minutes"},"schema":{"@context":"https:\/\/schema.org","@graph":[{"@type":"WebPage","@id":"https:\/\/webdev.topymedia.com\/refontetopymedia\/services-communication\/shooting-photo-video\/","url":"https:\/\/webdev.topymedia.com\/refontetopymedia\/services-communication\/shooting-photo-video\/","name":"Shooting photo et vid\u00e9o &#8226; Topymedia","isPartOf":{"@id":"https:\/\/webdev.topymedia.com\/refontetopymedia\/#website"},"datePublished":"2023-08-03T15:01:10+00:00","dateModified":"2024-11-13T11:22:19+00:00","description":"Votre agence de communication \u00e0 Andernos vous propose un service sur-mesure de shooting vid\u00e9o et photo : photographie professionnelle, vid\u00e9o.","breadcrumb":{"@id":"https:\/\/webdev.topymedia.com\/refontetopymedia\/services-communication\/shooting-photo-video\/#breadcrumb"},"inLanguage":"fr-FR","potentialAction":[{"@type":"ReadAction","target":["https:\/\/webdev.topymedia.com\/refontetopymedia\/services-communication\/shooting-photo-video\/"]}]},{"@type":"BreadcrumbList","@id":"https:\/\/webdev.topymedia.com\/refontetopymedia\/services-communication\/shooting-photo-video\/#breadcrumb","itemListElement":[{"@type":"ListItem","position":1,"name":"Accueil","item":"https:\/\/webdev.topymedia.com\/refontetopymedia\/"},{"@type":"ListItem","position":2,"name":"Les prestations qui vont vous mettre en lumi\u00e8re","item":"https:\/\/webdev.topymedia.com\/refontetopymedia\/services-communication\/"},{"@type":"ListItem","position":3,"name":"Shooting photo et vid\u00e9o"}]},{"@type":"WebSite","@id":"https:\/\/webdev.topymedia.com\/refontetopymedia\/#website","url":"https:\/\/webdev.topymedia.com\/refontetopymedia\/","name":"Topymedia","description":"Agence de communication - Bassin d&#039;Arcachon &amp; Bordeaux M\u00e9tropole","potentialAction":[{"@type":"SearchAction","target":{"@type":"EntryPoint","urlTemplate":"https:\/\/webdev.topymedia.com\/refontetopymedia\/?s={search_term_string}"},"query-input":{"@type":"PropertyValueSpecification","valueRequired":true,"valueName":"search_term_string"}}],"inLanguage":"fr-FR"}]}},"_links":{"self":[{"href":"https:\/\/webdev.topymedia.com\/refontetopymedia\/wp-json\/wp\/v2\/pages\/9865","targetHints":{"allow":["GET"]}}],"collection":[{"href":"https:\/\/webdev.topymedia.com\/refontetopymedia\/wp-json\/wp\/v2\/pages"}],"about":[{"href":"https:\/\/webdev.topymedia.com\/refontetopymedia\/wp-json\/wp\/v2\/types\/page"}],"author":[{"embeddable":true,"href":"https:\/\/webdev.topymedia.com\/refontetopymedia\/wp-json\/wp\/v2\/users\/3"}],"replies":[{"embeddable":true,"href":"https:\/\/webdev.topymedia.com\/refontetopymedia\/wp-json\/wp\/v2\/comments?post=9865"}],"version-history":[{"count":6,"href":"https:\/\/webdev.topymedia.com\/refontetopymedia\/wp-json\/wp\/v2\/pages\/9865\/revisions"}],"predecessor-version":[{"id":11952,"href":"https:\/\/webdev.topymedia.com\/refontetopymedia\/wp-json\/wp\/v2\/pages\/9865\/revisions\/11952"}],"up":[{"embeddable":true,"href":"https:\/\/webdev.topymedia.com\/refontetopymedia\/wp-json\/wp\/v2\/pages\/8785"}],"wp:attachment":[{"href":"https:\/\/webdev.topymedia.com\/refontetopymedia\/wp-json\/wp\/v2\/media?parent=9865"}],"curies":[{"name":"wp","href":"https:\/\/api.w.org\/{rel}","templated":true}]}}