{"id":927,"date":"2021-04-06T12:56:03","date_gmt":"2021-04-06T10:56:03","guid":{"rendered":"https:\/\/webdev.topymedia.com\/refontetopymedia\/webdev\/topymedia\/?page_id=927"},"modified":"2021-09-03T15:36:43","modified_gmt":"2021-09-03T13:36:43","slug":"accompagnement-en-communication","status":"publish","type":"page","link":"https:\/\/webdev.topymedia.com\/refontetopymedia\/services-communication\/accompagnement-en-communication\/","title":{"rendered":"Accompagnement en communication"},"content":{"rendered":"<p>[vc_row][vc_column]      <div class=\"heading-block heading-606b0d4647a12 tal h-h2\">\n                  <div class=\"sub-h\">les offres de l'agence<\/div>\n                  <h2 class=\"h\">accompagnement en communication<\/h2>\n              <\/div>\n    [\/vc_column][\/vc_row][vc_row][vc_column width=&#8221;2\/3&#8243;][vc_column_text]<\/p>\n<h5>Une des plus grandes forces de Topymedia, c&#8217;est sa capacit\u00e9 \u00e0 accompagner ses clients \u00e0 chaque \u00e9tape de leur projet.<\/h5>\n<p style=\"font-family: 'Fira Sans'; color: #9b9b9b; font-weight: 300;\">Forts de nos exp\u00e9riences en agence conseil en strat\u00e9gie, en r\u00e9gie ou en direct chez l\u2019annonceur, nous avons cette sensibilit\u00e9 qui nous est propre et qui nous permet de vous proposer les strat\u00e9gies et dispositifs les plus ad\u00e9quats pour r\u00e9aliser vos objectifs.<\/p>\n<p style=\"font-family: 'Fira Sans'; color: #9b9b9b; font-weight: 300;\">Nous vous offrons une solution de suivi sur-mesure adapt\u00e9e \u00e0 vos besoins o\u00f9 nous nous engageons \u00e0 vous offrir notre expertise sur une dur\u00e9e d\u00e9termin\u00e9e en fonction de vos besoins et de vos objectifs (6 mois, 1 an\u2026).<\/p>\n<p>[\/vc_column_text][\/vc_column][vc_column width=&#8221;1\/3&#8243;][vc_empty_space]      <div class=\"heading-block heading-606b0dabdc415 tac h-h2\">\n                  <h2 class=\"h\"><span>25<\/span> %<\/h2>\n              <\/div>\n    [vc_column_text]<\/p>\n<p style=\"text-align: center;\">de nos clients font appel \u00e0 nous<br \/>\npour les accompagner dans la dur\u00e9e<\/p>\n<p>[\/vc_column_text][\/vc_column][\/vc_row]<\/p>\n","protected":false},"excerpt":{"rendered":"<p>[vc_row][vc_column][\/vc_column][\/vc_row][vc_row][vc_column width=&#8221;2\/3&#8243;][vc_column_text] Une des plus grandes forces de Topymedia, c&#8217;est sa capacit\u00e9 \u00e0 accompagner ses clients \u00e0 chaque \u00e9tape de leur projet. Forts de nos exp\u00e9riences en agence conseil en strat\u00e9gie, en r\u00e9gie ou en direct chez l\u2019annonceur, nous avons cette sensibilit\u00e9 qui nous est propre et qui nous permet de vous proposer les strat\u00e9gies [&hellip;]<\/p>\n","protected":false},"author":3,"featured_media":0,"parent":8785,"menu_order":0,"comment_status":"closed","ping_status":"closed","template":"template-landing.php","meta":{"_acf_changed":false,"footnotes":""},"class_list":["post-927","page","type-page","status-publish","hentry"],"acf":[],"yoast_head":"<!-- This site is optimized with the Yoast SEO plugin v27.5 - https:\/\/yoast.com\/product\/yoast-seo-wordpress\/ -->\n<title>Accompagnement en communication &#8226; Topymedia<\/title>\n<meta name=\"robots\" content=\"index, follow, max-snippet:-1, max-image-preview:large, max-video-preview:-1\" \/>\n<link rel=\"canonical\" href=\"https:\/\/webdev.topymedia.com\/refontetopymedia\/services-communication\/accompagnement-en-communication\/\" \/>\n<meta property=\"og:locale\" content=\"fr_FR\" \/>\n<meta property=\"og:type\" content=\"article\" \/>\n<meta property=\"og:title\" content=\"Accompagnement en communication &#8226; Topymedia\" \/>\n<meta property=\"og:description\" content=\"[vc_row][vc_column][\/vc_column][\/vc_row][vc_row][vc_column width=&#8221;2\/3&#8243;][vc_column_text] Une des plus grandes forces de Topymedia, c&#8217;est sa capacit\u00e9 \u00e0 accompagner ses clients \u00e0 chaque \u00e9tape de leur projet. Forts de nos exp\u00e9riences en agence conseil en strat\u00e9gie, en r\u00e9gie ou en direct chez l\u2019annonceur, nous avons cette sensibilit\u00e9 qui nous est propre et qui nous permet de vous proposer les strat\u00e9gies [&hellip;]\" \/>\n<meta property=\"og:url\" content=\"https:\/\/webdev.topymedia.com\/refontetopymedia\/services-communication\/accompagnement-en-communication\/\" \/>\n<meta property=\"og:site_name\" content=\"Topymedia\" \/>\n<meta property=\"article:publisher\" content=\"https:\/\/www.facebook.com\/topymedia\" \/>\n<meta property=\"article:modified_time\" content=\"2021-09-03T13:36:43+00:00\" \/>\n<meta property=\"og:image\" content=\"https:\/\/webdev.topymedia.com\/refontetopymedia\/wp-content\/uploads\/2021\/04\/communication-scaled.jpeg\" \/>\n\t<meta property=\"og:image:width\" content=\"2560\" \/>\n\t<meta property=\"og:image:height\" content=\"1536\" \/>\n\t<meta property=\"og:image:type\" content=\"image\/jpeg\" \/>\n<meta name=\"twitter:card\" content=\"summary_large_image\" \/>\n<meta name=\"twitter:label1\" content=\"Dur\u00e9e de lecture estim\u00e9e\" \/>\n\t<meta name=\"twitter:data1\" content=\"1 minute\" \/>\n<script type=\"application\/ld+json\" class=\"yoast-schema-graph\">{\"@context\":\"https:\\\/\\\/schema.org\",\"@graph\":[{\"@type\":\"WebPage\",\"@id\":\"https:\\\/\\\/webdev.topymedia.com\\\/refontetopymedia\\\/services-communication\\\/accompagnement-en-communication\\\/\",\"url\":\"https:\\\/\\\/webdev.topymedia.com\\\/refontetopymedia\\\/services-communication\\\/accompagnement-en-communication\\\/\",\"name\":\"Accompagnement en communication &#8226; Topymedia\",\"isPartOf\":{\"@id\":\"https:\\\/\\\/webdev.topymedia.com\\\/refontetopymedia\\\/#website\"},\"datePublished\":\"2021-04-06T10:56:03+00:00\",\"dateModified\":\"2021-09-03T13:36:43+00:00\",\"breadcrumb\":{\"@id\":\"https:\\\/\\\/webdev.topymedia.com\\\/refontetopymedia\\\/services-communication\\\/accompagnement-en-communication\\\/#breadcrumb\"},\"inLanguage\":\"fr-FR\",\"potentialAction\":[{\"@type\":\"ReadAction\",\"target\":[\"https:\\\/\\\/webdev.topymedia.com\\\/refontetopymedia\\\/services-communication\\\/accompagnement-en-communication\\\/\"]}]},{\"@type\":\"BreadcrumbList\",\"@id\":\"https:\\\/\\\/webdev.topymedia.com\\\/refontetopymedia\\\/services-communication\\\/accompagnement-en-communication\\\/#breadcrumb\",\"itemListElement\":[{\"@type\":\"ListItem\",\"position\":1,\"name\":\"Accueil\",\"item\":\"https:\\\/\\\/webdev.topymedia.com\\\/refontetopymedia\\\/\"},{\"@type\":\"ListItem\",\"position\":2,\"name\":\"Les prestations qui vont vous mettre en lumi\u00e8re\",\"item\":\"https:\\\/\\\/webdev.topymedia.com\\\/refontetopymedia\\\/services-communication\\\/\"},{\"@type\":\"ListItem\",\"position\":3,\"name\":\"Accompagnement en communication\"}]},{\"@type\":\"WebSite\",\"@id\":\"https:\\\/\\\/webdev.topymedia.com\\\/refontetopymedia\\\/#website\",\"url\":\"https:\\\/\\\/webdev.topymedia.com\\\/refontetopymedia\\\/\",\"name\":\"Topymedia\",\"description\":\"Agence de communication - Bassin d&#039;Arcachon &amp; Bordeaux M\u00e9tropole\",\"potentialAction\":[{\"@type\":\"SearchAction\",\"target\":{\"@type\":\"EntryPoint\",\"urlTemplate\":\"https:\\\/\\\/webdev.topymedia.com\\\/refontetopymedia\\\/?s={search_term_string}\"},\"query-input\":{\"@type\":\"PropertyValueSpecification\",\"valueRequired\":true,\"valueName\":\"search_term_string\"}}],\"inLanguage\":\"fr-FR\"}]}<\/script>\n<!-- \/ Yoast SEO plugin. -->","yoast_head_json":{"title":"Accompagnement en communication &#8226; Topymedia","robots":{"index":"index","follow":"follow","max-snippet":"max-snippet:-1","max-image-preview":"max-image-preview:large","max-video-preview":"max-video-preview:-1"},"canonical":"https:\/\/webdev.topymedia.com\/refontetopymedia\/services-communication\/accompagnement-en-communication\/","og_locale":"fr_FR","og_type":"article","og_title":"Accompagnement en communication &#8226; Topymedia","og_description":"[vc_row][vc_column][\/vc_column][\/vc_row][vc_row][vc_column width=&#8221;2\/3&#8243;][vc_column_text] Une des plus grandes forces de Topymedia, c&#8217;est sa capacit\u00e9 \u00e0 accompagner ses clients \u00e0 chaque \u00e9tape de leur projet. Forts de nos exp\u00e9riences en agence conseil en strat\u00e9gie, en r\u00e9gie ou en direct chez l\u2019annonceur, nous avons cette sensibilit\u00e9 qui nous est propre et qui nous permet de vous proposer les strat\u00e9gies [&hellip;]","og_url":"https:\/\/webdev.topymedia.com\/refontetopymedia\/services-communication\/accompagnement-en-communication\/","og_site_name":"Topymedia","article_publisher":"https:\/\/www.facebook.com\/topymedia","article_modified_time":"2021-09-03T13:36:43+00:00","og_image":[{"width":2560,"height":1536,"url":"https:\/\/webdev.topymedia.com\/refontetopymedia\/wp-content\/uploads\/2021\/04\/communication-scaled.jpeg","type":"image\/jpeg"}],"twitter_card":"summary_large_image","twitter_misc":{"Dur\u00e9e de lecture estim\u00e9e":"1 minute"},"schema":{"@context":"https:\/\/schema.org","@graph":[{"@type":"WebPage","@id":"https:\/\/webdev.topymedia.com\/refontetopymedia\/services-communication\/accompagnement-en-communication\/","url":"https:\/\/webdev.topymedia.com\/refontetopymedia\/services-communication\/accompagnement-en-communication\/","name":"Accompagnement en communication &#8226; Topymedia","isPartOf":{"@id":"https:\/\/webdev.topymedia.com\/refontetopymedia\/#website"},"datePublished":"2021-04-06T10:56:03+00:00","dateModified":"2021-09-03T13:36:43+00:00","breadcrumb":{"@id":"https:\/\/webdev.topymedia.com\/refontetopymedia\/services-communication\/accompagnement-en-communication\/#breadcrumb"},"inLanguage":"fr-FR","potentialAction":[{"@type":"ReadAction","target":["https:\/\/webdev.topymedia.com\/refontetopymedia\/services-communication\/accompagnement-en-communication\/"]}]},{"@type":"BreadcrumbList","@id":"https:\/\/webdev.topymedia.com\/refontetopymedia\/services-communication\/accompagnement-en-communication\/#breadcrumb","itemListElement":[{"@type":"ListItem","position":1,"name":"Accueil","item":"https:\/\/webdev.topymedia.com\/refontetopymedia\/"},{"@type":"ListItem","position":2,"name":"Les prestations qui vont vous mettre en lumi\u00e8re","item":"https:\/\/webdev.topymedia.com\/refontetopymedia\/services-communication\/"},{"@type":"ListItem","position":3,"name":"Accompagnement en communication"}]},{"@type":"WebSite","@id":"https:\/\/webdev.topymedia.com\/refontetopymedia\/#website","url":"https:\/\/webdev.topymedia.com\/refontetopymedia\/","name":"Topymedia","description":"Agence de communication - Bassin d&#039;Arcachon &amp; Bordeaux M\u00e9tropole","potentialAction":[{"@type":"SearchAction","target":{"@type":"EntryPoint","urlTemplate":"https:\/\/webdev.topymedia.com\/refontetopymedia\/?s={search_term_string}"},"query-input":{"@type":"PropertyValueSpecification","valueRequired":true,"valueName":"search_term_string"}}],"inLanguage":"fr-FR"}]}},"_links":{"self":[{"href":"https:\/\/webdev.topymedia.com\/refontetopymedia\/wp-json\/wp\/v2\/pages\/927","targetHints":{"allow":["GET"]}}],"collection":[{"href":"https:\/\/webdev.topymedia.com\/refontetopymedia\/wp-json\/wp\/v2\/pages"}],"about":[{"href":"https:\/\/webdev.topymedia.com\/refontetopymedia\/wp-json\/wp\/v2\/types\/page"}],"author":[{"embeddable":true,"href":"https:\/\/webdev.topymedia.com\/refontetopymedia\/wp-json\/wp\/v2\/users\/3"}],"replies":[{"embeddable":true,"href":"https:\/\/webdev.topymedia.com\/refontetopymedia\/wp-json\/wp\/v2\/comments?post=927"}],"version-history":[{"count":0,"href":"https:\/\/webdev.topymedia.com\/refontetopymedia\/wp-json\/wp\/v2\/pages\/927\/revisions"}],"up":[{"embeddable":true,"href":"https:\/\/webdev.topymedia.com\/refontetopymedia\/wp-json\/wp\/v2\/pages\/8785"}],"wp:attachment":[{"href":"https:\/\/webdev.topymedia.com\/refontetopymedia\/wp-json\/wp\/v2\/media?parent=927"}],"curies":[{"name":"wp","href":"https:\/\/api.w.org\/{rel}","templated":true}]}}