{"id":902,"date":"2021-04-05T15:14:04","date_gmt":"2021-04-05T13:14:04","guid":{"rendered":"https:\/\/webdev.topymedia.com\/refontetopymedia\/webdev\/topymedia\/?page_id=902"},"modified":"2024-11-13T12:25:16","modified_gmt":"2024-11-13T11:25:16","slug":"strategie-de-communication","status":"publish","type":"page","link":"https:\/\/webdev.topymedia.com\/refontetopymedia\/services-communication\/strategie-de-communication\/","title":{"rendered":"Strat\u00e9gie de communication"},"content":{"rendered":"<p>[vc_row][vc_column css=&#8221;.vc_custom_1731497114281{margin-top: 65px !important;}&#8221;]      <div class=\"heading-block heading-606b0d4647a12 tal h-h1\">\n                  <div class=\"sub-h\">les offres de l'agence<\/div>\n                  <h1 class=\"h\">conseil et strat\u00e9gie de communication<\/h1>\n              <\/div>\n    [\/vc_column][\/vc_row][vc_row][vc_column width=&#8221;2\/3&#8243;][vc_column_text]<\/p>\n<h5>Les bons conseils font de grandes r\u00e9ussites<\/h5>\n<p style=\"font-family: 'Fira Sans'; color: #9b9b9b; font-weight: 300;\">Chez Topymedia, nous partons du principe que chaque client ou campagne de communication est unique. Notre priorit\u00e9 est avant tout de bien comprendre vos attentes. Quelle que soit la probl\u00e9matique : positionnement de marque ou repositionnement, architecture de marque, cr\u00e9ation du territoire d\u2019expression, concept de communication\u2026 la co-construction est au c\u0153ur de notre m\u00e9thodologie.<\/p>\n<p style=\"font-family: 'Fira Sans'; color: #9b9b9b; font-weight: 300;\">Forts de nos exp\u00e9riences en agence conseil en strat\u00e9gie, en r\u00e9gie ou en direct chez l\u2019annonceur, nous avons cette sensibilit\u00e9 qui nous est propre et qui nous permet de vous proposer les strat\u00e9gies et dispositifs les plus ad\u00e9quats pour r\u00e9aliser vos objectifs.<\/p>\n<p>[\/vc_column_text][\/vc_column][vc_column width=&#8221;1\/3&#8243;][vc_empty_space]      <div class=\"heading-block heading-606b0dabdc415 tac h-h2\">\n                  <h2 class=\"h\"><span>318<\/span> clients<\/h2>\n              <\/div>\n    [vc_column_text]<\/p>\n<p style=\"text-align: center;\">ont confi\u00e9 leur communication<br \/>\n\u00e0 Topymedia depuis <strong>2008<\/strong><\/p>\n<p>[\/vc_column_text][\/vc_column][\/vc_row][vc_row][vc_column width=&#8221;1\/4&#8243;]      <div class=\"heading-block heading-606b0e3aef629 tal h-h2\">\n                  <h2 class=\"h\">offres de <span> conseil en strat\u00e9gie de communication<\/span><\/h2>\n              <\/div>\n    [\/vc_column][vc_column width=&#8221;3\/4&#8243;]      <div class=\"heading-block heading-606b0e5637549 tal h-h3 with-bottom-line\">\n                  <h3 class=\"h\">audit &amp; benchmark<\/h3>\n              <\/div>\n    [vc_column_text]<\/p>\n<p style=\"font-family: 'Fira Sans'; color: #9b9b9b; font-weight: 300;\">R\u00e9alisation d\u2019une veille sectorielle, d\u2019une \u00e9tude de march\u00e9 et de visibilit\u00e9 pour mieux conna\u00eetre votre march\u00e9 et d\u00e9finir vos objectifs.<\/p>\n<p>[\/vc_column_text]      <div class=\"heading-block heading-606b0e7114b26 tal h-h3 with-bottom-line\">\n                  <h3 class=\"h\">strat\u00e9gie de communication<\/h3>\n              <\/div>\n    [vc_column_text]<\/p>\n<p style=\"font-family: 'Fira Sans'; color: #9b9b9b; font-weight: 300;\">Choix des canaux de communication, en fonction de votre cible et de vos objectifs, pour une communication multi-canale ma\u00eetris\u00e9e et pertinente.<\/p>\n<p>[\/vc_column_text][\/vc_column][\/vc_row][vc_row][vc_column][vc_empty_space height=&#8221;75px&#8221;][\/vc_column][\/vc_row][vc_row full_width=&#8221;stretch_row&#8221; css=&#8221;.vc_custom_1721214633539{border-top-width: 1px !important;border-bottom-width: 1px !important;border-top-color: #707070 !important;border-top-style: solid !important;border-bottom-color: #707070 !important;border-bottom-style: solid !important;}&#8221; uniqid=&#8221;6697a69ea1240&#8243;][vc_column]      <div class=\"heading-block heading-6697a6785e4dc tac h-h2 with-bottom-line\">\n                  <div class=\"sub-h\">Nos zones d\u2019interventions<\/div>\n              <\/div>\n    [vc_column_text]<\/p>\n<p style=\"text-align: center;\"><span style=\"color: #ffffff;\"><a style=\"color: #ffffff;\" href=\"https:\/\/webdev.topymedia.com\/refontetopymedia\/services-communication\/web-et-marketing-digital\/creation-de-site-internet\/marcheprime\/\">Marcheprime<\/a> &#8211;\u00a0<a style=\"color: #ffffff;\" href=\"https:\/\/webdev.topymedia.com\/refontetopymedia\/services-communication\/web-et-marketing-digital\/creation-de-site-internet\/biganos\/\">Biganos<\/a>\u00a0&#8211; <a style=\"color: #ffffff;\" href=\"https:\/\/webdev.topymedia.com\/refontetopymedia\/services-communication\/web-et-marketing-digital\/creation-de-site-internet\/andernos\/\">Andernos<\/a> &#8211;\u00a0<a style=\"color: #ffffff;\" href=\"https:\/\/webdev.topymedia.com\/refontetopymedia\/services-communication\/web-et-marketing-digital\/creation-de-site-internet\/lege-cap-ferret\/\">L\u00e8ge-Cap Ferret<\/a> &#8211;\u00a0<a style=\"color: #ffffff;\" href=\"https:\/\/webdev.topymedia.com\/refontetopymedia\/services-communication\/web-et-marketing-digital\/creation-de-site-internet\/gujan-mestras\/\">Gujan-Mestras<\/a> &#8211; <a style=\"color: #ffffff;\" href=\"https:\/\/webdev.topymedia.com\/refontetopymedia\/services-communication\/web-et-marketing-digital\/creation-de-site-internet\/la-teste-de-buch\/\">La Teste-de-Buch<\/a> &#8211;\u00a0<a style=\"color: #ffffff;\" href=\"https:\/\/webdev.topymedia.com\/refontetopymedia\/services-communication\/web-et-marketing-digital\/creation-de-site-internet\/arcachon\/\">Arcachon<\/a>\u00a0&#8211; <a style=\"color: #ffffff;\" href=\"https:\/\/webdev.topymedia.com\/refontetopymedia\/services-communication\/web-et-marketing-digital\/creation-de-site-internet\/ares\/\">Ar\u00e8s<\/a> &#8211; <a style=\"color: #ffffff;\" href=\"https:\/\/webdev.topymedia.com\/refontetopymedia\/services-communication\/web-et-marketing-digital\/creation-de-site-internet\/audenge\/\">Audenge<\/a> &#8211; <a style=\"color: #ffffff;\" href=\"https:\/\/webdev.topymedia.com\/refontetopymedia\/services-communication\/web-et-marketing-digital\/creation-de-site-internet\/le-barp\/\">Le Barp<\/a> &#8211; <a style=\"color: #ffffff;\" href=\"https:\/\/webdev.topymedia.com\/refontetopymedia\/services-communication\/web-et-marketing-digital\/creation-de-site-internet\/belin-beliet\/\">Belin-Beliet<\/a> &#8211; <a style=\"color: #ffffff;\" href=\"https:\/\/webdev.topymedia.com\/refontetopymedia\/services-communication\/web-et-marketing-digital\/creation-de-site-internet\/lanton\/\">Lanton<\/a> &#8211; <a style=\"color: #ffffff;\" href=\"https:\/\/webdev.topymedia.com\/refontetopymedia\/services-communication\/web-et-marketing-digital\/creation-de-site-internet\/lugos\/\">Lugos<\/a> &#8211; <a style=\"color: #ffffff;\" href=\"https:\/\/webdev.topymedia.com\/refontetopymedia\/services-communication\/web-et-marketing-digital\/creation-de-site-internet\/mios\/\">Mios<\/a> &#8211; <a style=\"color: #ffffff;\" href=\"https:\/\/webdev.topymedia.com\/refontetopymedia\/services-communication\/web-et-marketing-digital\/creation-de-site-internet\/salles\/\">Salles<\/a> &#8211; <a style=\"color: #ffffff;\" href=\"https:\/\/webdev.topymedia.com\/refontetopymedia\/services-communication\/web-et-marketing-digital\/creation-de-site-internet\/le-teich\/\">Le Teich<\/a> &#8211; <a style=\"color: #ffffff;\" href=\"https:\/\/webdev.topymedia.com\/refontetopymedia\/services-communication\/web-et-marketing-digital\/creation-de-site-internet\/saint-magne\/\">Saint-Magne<\/a><\/span><\/p>\n<p>[\/vc_column_text][\/vc_column][\/vc_row][vc_row][vc_column][vc_empty_space height=&#8221;55px&#8221;][\/vc_column][\/vc_row][vc_row][vc_column el_id=&#8221;btn-call&#8221;]          <div class=\"button-container button-6734896fd2f5d right\">\n        <a class=\"button-style2\" href=\"tel:%20%200540804273\" target=\"_self\">\n                    <span>Appeler l'agence<\/span>\n        <\/a>\n      <\/div>\n        [\/vc_column][\/vc_row]<\/p>\n","protected":false},"excerpt":{"rendered":"<p>[vc_row][vc_column css=&#8221;.vc_custom_1731497114281{margin-top: 65px !important;}&#8221;][\/vc_column][\/vc_row][vc_row][vc_column width=&#8221;2\/3&#8243;][vc_column_text] Les bons conseils font de grandes r\u00e9ussites Chez Topymedia, nous partons du principe que chaque client ou campagne de communication est unique. Notre priorit\u00e9 est avant tout de bien comprendre vos attentes. Quelle que soit la probl\u00e9matique : positionnement de marque ou repositionnement, architecture de marque, cr\u00e9ation du territoire d\u2019expression, [&hellip;]<\/p>\n","protected":false},"author":3,"featured_media":0,"parent":8785,"menu_order":0,"comment_status":"closed","ping_status":"closed","template":"template-landing.php","meta":{"_acf_changed":false,"footnotes":""},"class_list":["post-902","page","type-page","status-publish","hentry"],"acf":[],"yoast_head":"<!-- This site is optimized with the Yoast SEO plugin v27.5 - https:\/\/yoast.com\/product\/yoast-seo-wordpress\/ -->\n<title>Strat\u00e9gie de communication &#8226; Topymedia<\/title>\n<meta name=\"description\" content=\"Votre agence de communication \u00e0 Andernos-les-bains, vous propose des services de conseil et strat\u00e9gie de communication.\" \/>\n<meta name=\"robots\" content=\"index, follow, max-snippet:-1, max-image-preview:large, max-video-preview:-1\" \/>\n<link rel=\"canonical\" href=\"https:\/\/webdev.topymedia.com\/refontetopymedia\/services-communication\/strategie-de-communication\/\" \/>\n<meta property=\"og:locale\" content=\"fr_FR\" \/>\n<meta property=\"og:type\" content=\"article\" \/>\n<meta property=\"og:title\" content=\"Strat\u00e9gie de communication &#8226; Topymedia\" \/>\n<meta property=\"og:description\" content=\"Votre agence de communication \u00e0 Andernos-les-bains, vous propose des services de conseil et strat\u00e9gie de communication.\" \/>\n<meta property=\"og:url\" content=\"https:\/\/webdev.topymedia.com\/refontetopymedia\/services-communication\/strategie-de-communication\/\" \/>\n<meta property=\"og:site_name\" content=\"Topymedia\" \/>\n<meta property=\"article:publisher\" content=\"https:\/\/www.facebook.com\/topymedia\" \/>\n<meta property=\"article:modified_time\" content=\"2024-11-13T11:25:16+00:00\" \/>\n<meta property=\"og:image\" content=\"https:\/\/webdev.topymedia.com\/refontetopymedia\/wp-content\/uploads\/2021\/04\/communication-scaled.jpeg\" \/>\n\t<meta property=\"og:image:width\" content=\"2560\" \/>\n\t<meta property=\"og:image:height\" content=\"1536\" \/>\n\t<meta property=\"og:image:type\" content=\"image\/jpeg\" \/>\n<meta name=\"twitter:card\" content=\"summary_large_image\" \/>\n<meta name=\"twitter:label1\" content=\"Dur\u00e9e de lecture estim\u00e9e\" \/>\n\t<meta name=\"twitter:data1\" content=\"2 minutes\" \/>\n<script type=\"application\/ld+json\" class=\"yoast-schema-graph\">{\"@context\":\"https:\\\/\\\/schema.org\",\"@graph\":[{\"@type\":\"WebPage\",\"@id\":\"https:\\\/\\\/webdev.topymedia.com\\\/refontetopymedia\\\/services-communication\\\/strategie-de-communication\\\/\",\"url\":\"https:\\\/\\\/webdev.topymedia.com\\\/refontetopymedia\\\/services-communication\\\/strategie-de-communication\\\/\",\"name\":\"Strat\u00e9gie de communication &#8226; Topymedia\",\"isPartOf\":{\"@id\":\"https:\\\/\\\/webdev.topymedia.com\\\/refontetopymedia\\\/#website\"},\"datePublished\":\"2021-04-05T13:14:04+00:00\",\"dateModified\":\"2024-11-13T11:25:16+00:00\",\"description\":\"Votre agence de communication \u00e0 Andernos-les-bains, vous propose des services de conseil et strat\u00e9gie de communication.\",\"breadcrumb\":{\"@id\":\"https:\\\/\\\/webdev.topymedia.com\\\/refontetopymedia\\\/services-communication\\\/strategie-de-communication\\\/#breadcrumb\"},\"inLanguage\":\"fr-FR\",\"potentialAction\":[{\"@type\":\"ReadAction\",\"target\":[\"https:\\\/\\\/webdev.topymedia.com\\\/refontetopymedia\\\/services-communication\\\/strategie-de-communication\\\/\"]}]},{\"@type\":\"BreadcrumbList\",\"@id\":\"https:\\\/\\\/webdev.topymedia.com\\\/refontetopymedia\\\/services-communication\\\/strategie-de-communication\\\/#breadcrumb\",\"itemListElement\":[{\"@type\":\"ListItem\",\"position\":1,\"name\":\"Accueil\",\"item\":\"https:\\\/\\\/webdev.topymedia.com\\\/refontetopymedia\\\/\"},{\"@type\":\"ListItem\",\"position\":2,\"name\":\"Les prestations qui vont vous mettre en lumi\u00e8re\",\"item\":\"https:\\\/\\\/webdev.topymedia.com\\\/refontetopymedia\\\/services-communication\\\/\"},{\"@type\":\"ListItem\",\"position\":3,\"name\":\"Strat\u00e9gie de communication\"}]},{\"@type\":\"WebSite\",\"@id\":\"https:\\\/\\\/webdev.topymedia.com\\\/refontetopymedia\\\/#website\",\"url\":\"https:\\\/\\\/webdev.topymedia.com\\\/refontetopymedia\\\/\",\"name\":\"Topymedia\",\"description\":\"Agence de communication - Bassin d&#039;Arcachon &amp; Bordeaux M\u00e9tropole\",\"potentialAction\":[{\"@type\":\"SearchAction\",\"target\":{\"@type\":\"EntryPoint\",\"urlTemplate\":\"https:\\\/\\\/webdev.topymedia.com\\\/refontetopymedia\\\/?s={search_term_string}\"},\"query-input\":{\"@type\":\"PropertyValueSpecification\",\"valueRequired\":true,\"valueName\":\"search_term_string\"}}],\"inLanguage\":\"fr-FR\"}]}<\/script>\n<!-- \/ Yoast SEO plugin. -->","yoast_head_json":{"title":"Strat\u00e9gie de communication &#8226; Topymedia","description":"Votre agence de communication \u00e0 Andernos-les-bains, vous propose des services de conseil et strat\u00e9gie de communication.","robots":{"index":"index","follow":"follow","max-snippet":"max-snippet:-1","max-image-preview":"max-image-preview:large","max-video-preview":"max-video-preview:-1"},"canonical":"https:\/\/webdev.topymedia.com\/refontetopymedia\/services-communication\/strategie-de-communication\/","og_locale":"fr_FR","og_type":"article","og_title":"Strat\u00e9gie de communication &#8226; Topymedia","og_description":"Votre agence de communication \u00e0 Andernos-les-bains, vous propose des services de conseil et strat\u00e9gie de communication.","og_url":"https:\/\/webdev.topymedia.com\/refontetopymedia\/services-communication\/strategie-de-communication\/","og_site_name":"Topymedia","article_publisher":"https:\/\/www.facebook.com\/topymedia","article_modified_time":"2024-11-13T11:25:16+00:00","og_image":[{"width":2560,"height":1536,"url":"https:\/\/webdev.topymedia.com\/refontetopymedia\/wp-content\/uploads\/2021\/04\/communication-scaled.jpeg","type":"image\/jpeg"}],"twitter_card":"summary_large_image","twitter_misc":{"Dur\u00e9e de lecture estim\u00e9e":"2 minutes"},"schema":{"@context":"https:\/\/schema.org","@graph":[{"@type":"WebPage","@id":"https:\/\/webdev.topymedia.com\/refontetopymedia\/services-communication\/strategie-de-communication\/","url":"https:\/\/webdev.topymedia.com\/refontetopymedia\/services-communication\/strategie-de-communication\/","name":"Strat\u00e9gie de communication &#8226; Topymedia","isPartOf":{"@id":"https:\/\/webdev.topymedia.com\/refontetopymedia\/#website"},"datePublished":"2021-04-05T13:14:04+00:00","dateModified":"2024-11-13T11:25:16+00:00","description":"Votre agence de communication \u00e0 Andernos-les-bains, vous propose des services de conseil et strat\u00e9gie de communication.","breadcrumb":{"@id":"https:\/\/webdev.topymedia.com\/refontetopymedia\/services-communication\/strategie-de-communication\/#breadcrumb"},"inLanguage":"fr-FR","potentialAction":[{"@type":"ReadAction","target":["https:\/\/webdev.topymedia.com\/refontetopymedia\/services-communication\/strategie-de-communication\/"]}]},{"@type":"BreadcrumbList","@id":"https:\/\/webdev.topymedia.com\/refontetopymedia\/services-communication\/strategie-de-communication\/#breadcrumb","itemListElement":[{"@type":"ListItem","position":1,"name":"Accueil","item":"https:\/\/webdev.topymedia.com\/refontetopymedia\/"},{"@type":"ListItem","position":2,"name":"Les prestations qui vont vous mettre en lumi\u00e8re","item":"https:\/\/webdev.topymedia.com\/refontetopymedia\/services-communication\/"},{"@type":"ListItem","position":3,"name":"Strat\u00e9gie de communication"}]},{"@type":"WebSite","@id":"https:\/\/webdev.topymedia.com\/refontetopymedia\/#website","url":"https:\/\/webdev.topymedia.com\/refontetopymedia\/","name":"Topymedia","description":"Agence de communication - Bassin d&#039;Arcachon &amp; Bordeaux M\u00e9tropole","potentialAction":[{"@type":"SearchAction","target":{"@type":"EntryPoint","urlTemplate":"https:\/\/webdev.topymedia.com\/refontetopymedia\/?s={search_term_string}"},"query-input":{"@type":"PropertyValueSpecification","valueRequired":true,"valueName":"search_term_string"}}],"inLanguage":"fr-FR"}]}},"_links":{"self":[{"href":"https:\/\/webdev.topymedia.com\/refontetopymedia\/wp-json\/wp\/v2\/pages\/902","targetHints":{"allow":["GET"]}}],"collection":[{"href":"https:\/\/webdev.topymedia.com\/refontetopymedia\/wp-json\/wp\/v2\/pages"}],"about":[{"href":"https:\/\/webdev.topymedia.com\/refontetopymedia\/wp-json\/wp\/v2\/types\/page"}],"author":[{"embeddable":true,"href":"https:\/\/webdev.topymedia.com\/refontetopymedia\/wp-json\/wp\/v2\/users\/3"}],"replies":[{"embeddable":true,"href":"https:\/\/webdev.topymedia.com\/refontetopymedia\/wp-json\/wp\/v2\/comments?post=902"}],"version-history":[{"count":7,"href":"https:\/\/webdev.topymedia.com\/refontetopymedia\/wp-json\/wp\/v2\/pages\/902\/revisions"}],"predecessor-version":[{"id":11954,"href":"https:\/\/webdev.topymedia.com\/refontetopymedia\/wp-json\/wp\/v2\/pages\/902\/revisions\/11954"}],"up":[{"embeddable":true,"href":"https:\/\/webdev.topymedia.com\/refontetopymedia\/wp-json\/wp\/v2\/pages\/8785"}],"wp:attachment":[{"href":"https:\/\/webdev.topymedia.com\/refontetopymedia\/wp-json\/wp\/v2\/media?parent=902"}],"curies":[{"name":"wp","href":"https:\/\/api.w.org\/{rel}","templated":true}]}}