{"id":8800,"date":"2021-04-14T13:57:36","date_gmt":"2021-04-14T11:57:36","guid":{"rendered":"https:\/\/webdev.topymedia.com\/refontetopymedia\/webdev\/topymedia\/?page_id=8800"},"modified":"2022-09-07T10:49:21","modified_gmt":"2022-09-07T08:49:21","slug":"web-et-marketing-digital","status":"publish","type":"page","link":"https:\/\/webdev.topymedia.com\/refontetopymedia\/services-communication\/web-et-marketing-digital\/","title":{"rendered":"Web et marketing digital"},"content":{"rendered":"<p>[vc_row][vc_column]      <div class=\"heading-block heading-606b0d4647a12 tal h-h2\">\n                  <div class=\"sub-h\">les services de l'agence<\/div>\n                  <h2 class=\"h\">web et marketing digital<\/h2>\n              <\/div>\n    [\/vc_column][\/vc_row][vc_row][vc_column width=&#8221;2\/3&#8243;][vc_column_text]<\/p>\n<h5>Site vitrine, extranet, application sp\u00e9cifique m\u00e9tier, nous vous accompagnons dans le d\u00e9veloppement de <span class=\"mc-typing\">solutions web adapt\u00e9es<\/span> \u00e0 vos besoins sp\u00e9cifiques et vos objectifs.<\/h5>\n<p style=\"font-family: 'Fira Sans'; color: #9b9b9b; font-weight: 300;\">\u00catre une agence de communication <strong>polyvalente<\/strong> c&#8217;est \u00eatre tout autant une agence cr\u00e9ative qu&#8217;une agence digitale. Notre sp\u00e9cialit\u00e9 est justement de maitriser <strong>le d\u00e9veloppement<\/strong> d&#8217;un site web de l&#8217;int\u00e9gration \u00e0 la r\u00e9alisation, si besoin, de d\u00e9veloppements sp\u00e9cifiques. Notre ma\u00eetrise technique nous permet d&#8217;apporter <strong>les meilleures solutions digitales<\/strong> possibles, qu&#8217;elles soient simples ou complexes cela ne nous fait pas peur !<\/p>\n<p>[\/vc_column_text][\/vc_column][vc_column width=&#8221;1\/3&#8243;][vc_empty_space]      <div class=\"heading-block heading-606b0dabdc415 tac h-h2\">\n                  <h2 class=\"h\"><span>318<\/span> clients<\/h2>\n              <\/div>\n    [vc_column_text]<\/p>\n<p style=\"text-align: center;\">ont confi\u00e9 leur communication<br \/>\n\u00e0 Topymedia depuis <strong>2008<\/strong><\/p>\n<p>[\/vc_column_text][\/vc_column][\/vc_row][vc_row][vc_column width=&#8221;1\/4&#8243;]      <div class=\"heading-block heading-606b0e3aef629 tac h-h4\">\n                  <h4 class=\"h\">offres de <span> communication cr\u00e9ative<\/span><\/h4>\n              <\/div>\n    [\/vc_column][vc_column width=&#8221;3\/4&#8243;]      <div class=\"heading-block heading-606c19cff5c1f tal h-h5 with-bottom-line\">\n                  <h5 class=\"h\">gestion des r\u00e9seaux sociaux<\/h5>\n              <\/div>\n    [vc_column_text]<\/p>\n<p style=\"font-family: 'Fira Sans'; color: #9b9b9b; font-weight: 300;\">R\u00e9daction et programmation de statuts hebdomadaires pour vos diff\u00e9rents canaux de communication (Facebook, Linkedin, Instagram, Google My Business). Mod\u00e9ration des commentaires et suivi des avis clients assurent une bonne <a href=\"https:\/\/webdev.topymedia.com\/refontetopymedia\/services-communication\/web-et-marketing-digital\/gestion-reseaux-sociaux\/\">gestion des r\u00e9seaux sociaux<\/a>.<\/p>\n<p>[\/vc_column_text]      <div class=\"heading-block heading-606b0e5637549 tal h-h5 with-bottom-line\">\n                  <h5 class=\"h\">cr\u00e9ation de site web vitrine et E-commerce<\/h5>\n              <\/div>\n    [vc_column_text]<\/p>\n<p style=\"font-family: 'Fira Sans'; color: #9b9b9b; font-weight: 300;\">Nous d\u00e9veloppons des <a href=\"https:\/\/webdev.topymedia.com\/refontetopymedia\/services-communication\/web-et-marketing-digital\/creation-de-site-internet\/\">sites web vitrine et E-commerce<\/a> pr\u00e9sentant votre structure, vos produits, vos services et vous permettant d&#8217;\u00eatre r\u00e9f\u00e9renc\u00e9 sur les moteurs de recherche. Pour plus de flexibilit\u00e9 et de p\u00e9rennit\u00e9, nous utilisons des CMS Open Source (WordPress, \u2026).<\/p>\n<p>[\/vc_column_text]      <div class=\"heading-block heading-606b0e9a2f7b9 tal h-h5 with-bottom-line\">\n                  <h5 class=\"h\">newsletter<\/h5>\n              <\/div>\n    [vc_column_text]<\/p>\n<p style=\"font-family: 'Fira Sans'; color: #9b9b9b; font-weight: 300;\">Nous r\u00e9alisons des emailing r\u00e9guliers et vous permettons de rester toujours connect\u00e9 avec vos clients et g\u00e9n\u00e9rer du trafic sur votre site internet.<\/p>\n<p>[\/vc_column_text]      <div class=\"heading-block heading- tal h-h5 with-bottom-line\">\n                  <h5 class=\"h\">seo \/ r\u00e9daction<\/h5>\n              <\/div>\n    [vc_column_text]<\/p>\n<p style=\"font-family: 'Fira Sans'; color: #9b9b9b; font-weight: 300;\">Nous r\u00e9digons des contenus th\u00e9matiques, optimisons la structure de votre site et du maillage interne (SEO on-site). Ce travail du r\u00e9f\u00e9rencement naturel permet d&#8217;optimiser votre visibilit\u00e9, votre acquisition de trafic et votre e-reputation.<\/p>\n<p>[\/vc_column_text]      <div class=\"heading-block heading-606b0e8395919 tal h-h5 with-bottom-line\">\n                  <h5 class=\"h\">R\u00e9f\u00e9rencement payant<\/h5>\n              <\/div>\n    [vc_column_text]<\/p>\n<p style=\"font-family: 'Fira Sans'; color: #9b9b9b; font-weight: 300;\">Nous mettons en place des campagnes de liens sponsoris\u00e9s sur Google Adwords et d\u00e9veloppons vos campagnes display, shopping ou remarketing sur Google.<\/p>\n<p>[\/vc_column_text][\/vc_column][\/vc_row]<\/p>\n","protected":false},"excerpt":{"rendered":"<p>[vc_row][vc_column][\/vc_column][\/vc_row][vc_row][vc_column width=&#8221;2\/3&#8243;][vc_column_text] Site vitrine, extranet, application sp\u00e9cifique m\u00e9tier, nous vous accompagnons dans le d\u00e9veloppement de solutions web adapt\u00e9es \u00e0 vos besoins sp\u00e9cifiques et vos objectifs. \u00catre une agence de communication polyvalente c&#8217;est \u00eatre tout autant une agence cr\u00e9ative qu&#8217;une agence digitale. Notre sp\u00e9cialit\u00e9 est justement de maitriser le d\u00e9veloppement d&#8217;un site web de l&#8217;int\u00e9gration \u00e0 [&hellip;]<\/p>\n","protected":false},"author":3,"featured_media":0,"parent":8785,"menu_order":0,"comment_status":"closed","ping_status":"closed","template":"template-landing.php","meta":{"_acf_changed":false,"footnotes":""},"class_list":["post-8800","page","type-page","status-publish","hentry"],"acf":[],"yoast_head":"<!-- This site is optimized with the Yoast SEO plugin v27.5 - https:\/\/yoast.com\/product\/yoast-seo-wordpress\/ -->\n<title>Web et marketing digital &#8226; Topymedia<\/title>\n<meta name=\"robots\" content=\"index, follow, max-snippet:-1, max-image-preview:large, max-video-preview:-1\" \/>\n<link rel=\"canonical\" href=\"https:\/\/webdev.topymedia.com\/refontetopymedia\/services-communication\/web-et-marketing-digital\/\" \/>\n<meta property=\"og:locale\" content=\"fr_FR\" \/>\n<meta property=\"og:type\" content=\"article\" \/>\n<meta property=\"og:title\" content=\"Web et marketing digital &#8226; Topymedia\" \/>\n<meta property=\"og:description\" content=\"[vc_row][vc_column][\/vc_column][\/vc_row][vc_row][vc_column width=&#8221;2\/3&#8243;][vc_column_text] Site vitrine, extranet, application sp\u00e9cifique m\u00e9tier, nous vous accompagnons dans le d\u00e9veloppement de solutions web adapt\u00e9es \u00e0 vos besoins sp\u00e9cifiques et vos objectifs. \u00catre une agence de communication polyvalente c&#8217;est \u00eatre tout autant une agence cr\u00e9ative qu&#8217;une agence digitale. Notre sp\u00e9cialit\u00e9 est justement de maitriser le d\u00e9veloppement d&#8217;un site web de l&#8217;int\u00e9gration \u00e0 [&hellip;]\" \/>\n<meta property=\"og:url\" content=\"https:\/\/webdev.topymedia.com\/refontetopymedia\/services-communication\/web-et-marketing-digital\/\" \/>\n<meta property=\"og:site_name\" content=\"Topymedia\" \/>\n<meta property=\"article:publisher\" content=\"https:\/\/www.facebook.com\/topymedia\" \/>\n<meta property=\"article:modified_time\" content=\"2022-09-07T08:49:21+00:00\" \/>\n<meta property=\"og:image\" content=\"https:\/\/webdev.topymedia.com\/refontetopymedia\/wp-content\/uploads\/2021\/04\/communication-scaled.jpeg\" \/>\n\t<meta property=\"og:image:width\" content=\"2560\" \/>\n\t<meta property=\"og:image:height\" content=\"1536\" \/>\n\t<meta property=\"og:image:type\" content=\"image\/jpeg\" \/>\n<meta name=\"twitter:card\" content=\"summary_large_image\" \/>\n<meta name=\"twitter:label1\" content=\"Dur\u00e9e de lecture estim\u00e9e\" \/>\n\t<meta name=\"twitter:data1\" content=\"2 minutes\" \/>\n<script type=\"application\/ld+json\" class=\"yoast-schema-graph\">{\"@context\":\"https:\\\/\\\/schema.org\",\"@graph\":[{\"@type\":\"WebPage\",\"@id\":\"https:\\\/\\\/webdev.topymedia.com\\\/refontetopymedia\\\/services-communication\\\/web-et-marketing-digital\\\/\",\"url\":\"https:\\\/\\\/webdev.topymedia.com\\\/refontetopymedia\\\/services-communication\\\/web-et-marketing-digital\\\/\",\"name\":\"Web et marketing digital &#8226; Topymedia\",\"isPartOf\":{\"@id\":\"https:\\\/\\\/webdev.topymedia.com\\\/refontetopymedia\\\/#website\"},\"datePublished\":\"2021-04-14T11:57:36+00:00\",\"dateModified\":\"2022-09-07T08:49:21+00:00\",\"breadcrumb\":{\"@id\":\"https:\\\/\\\/webdev.topymedia.com\\\/refontetopymedia\\\/services-communication\\\/web-et-marketing-digital\\\/#breadcrumb\"},\"inLanguage\":\"fr-FR\",\"potentialAction\":[{\"@type\":\"ReadAction\",\"target\":[\"https:\\\/\\\/webdev.topymedia.com\\\/refontetopymedia\\\/services-communication\\\/web-et-marketing-digital\\\/\"]}]},{\"@type\":\"BreadcrumbList\",\"@id\":\"https:\\\/\\\/webdev.topymedia.com\\\/refontetopymedia\\\/services-communication\\\/web-et-marketing-digital\\\/#breadcrumb\",\"itemListElement\":[{\"@type\":\"ListItem\",\"position\":1,\"name\":\"Accueil\",\"item\":\"https:\\\/\\\/webdev.topymedia.com\\\/refontetopymedia\\\/\"},{\"@type\":\"ListItem\",\"position\":2,\"name\":\"Les prestations qui vont vous mettre en lumi\u00e8re\",\"item\":\"https:\\\/\\\/webdev.topymedia.com\\\/refontetopymedia\\\/services-communication\\\/\"},{\"@type\":\"ListItem\",\"position\":3,\"name\":\"Web et marketing digital\"}]},{\"@type\":\"WebSite\",\"@id\":\"https:\\\/\\\/webdev.topymedia.com\\\/refontetopymedia\\\/#website\",\"url\":\"https:\\\/\\\/webdev.topymedia.com\\\/refontetopymedia\\\/\",\"name\":\"Topymedia\",\"description\":\"Agence de communication - Bassin d&#039;Arcachon &amp; Bordeaux M\u00e9tropole\",\"potentialAction\":[{\"@type\":\"SearchAction\",\"target\":{\"@type\":\"EntryPoint\",\"urlTemplate\":\"https:\\\/\\\/webdev.topymedia.com\\\/refontetopymedia\\\/?s={search_term_string}\"},\"query-input\":{\"@type\":\"PropertyValueSpecification\",\"valueRequired\":true,\"valueName\":\"search_term_string\"}}],\"inLanguage\":\"fr-FR\"}]}<\/script>\n<!-- \/ Yoast SEO plugin. -->","yoast_head_json":{"title":"Web et marketing digital &#8226; Topymedia","robots":{"index":"index","follow":"follow","max-snippet":"max-snippet:-1","max-image-preview":"max-image-preview:large","max-video-preview":"max-video-preview:-1"},"canonical":"https:\/\/webdev.topymedia.com\/refontetopymedia\/services-communication\/web-et-marketing-digital\/","og_locale":"fr_FR","og_type":"article","og_title":"Web et marketing digital &#8226; Topymedia","og_description":"[vc_row][vc_column][\/vc_column][\/vc_row][vc_row][vc_column width=&#8221;2\/3&#8243;][vc_column_text] Site vitrine, extranet, application sp\u00e9cifique m\u00e9tier, nous vous accompagnons dans le d\u00e9veloppement de solutions web adapt\u00e9es \u00e0 vos besoins sp\u00e9cifiques et vos objectifs. \u00catre une agence de communication polyvalente c&#8217;est \u00eatre tout autant une agence cr\u00e9ative qu&#8217;une agence digitale. Notre sp\u00e9cialit\u00e9 est justement de maitriser le d\u00e9veloppement d&#8217;un site web de l&#8217;int\u00e9gration \u00e0 [&hellip;]","og_url":"https:\/\/webdev.topymedia.com\/refontetopymedia\/services-communication\/web-et-marketing-digital\/","og_site_name":"Topymedia","article_publisher":"https:\/\/www.facebook.com\/topymedia","article_modified_time":"2022-09-07T08:49:21+00:00","og_image":[{"width":2560,"height":1536,"url":"https:\/\/webdev.topymedia.com\/refontetopymedia\/wp-content\/uploads\/2021\/04\/communication-scaled.jpeg","type":"image\/jpeg"}],"twitter_card":"summary_large_image","twitter_misc":{"Dur\u00e9e de lecture estim\u00e9e":"2 minutes"},"schema":{"@context":"https:\/\/schema.org","@graph":[{"@type":"WebPage","@id":"https:\/\/webdev.topymedia.com\/refontetopymedia\/services-communication\/web-et-marketing-digital\/","url":"https:\/\/webdev.topymedia.com\/refontetopymedia\/services-communication\/web-et-marketing-digital\/","name":"Web et marketing digital &#8226; Topymedia","isPartOf":{"@id":"https:\/\/webdev.topymedia.com\/refontetopymedia\/#website"},"datePublished":"2021-04-14T11:57:36+00:00","dateModified":"2022-09-07T08:49:21+00:00","breadcrumb":{"@id":"https:\/\/webdev.topymedia.com\/refontetopymedia\/services-communication\/web-et-marketing-digital\/#breadcrumb"},"inLanguage":"fr-FR","potentialAction":[{"@type":"ReadAction","target":["https:\/\/webdev.topymedia.com\/refontetopymedia\/services-communication\/web-et-marketing-digital\/"]}]},{"@type":"BreadcrumbList","@id":"https:\/\/webdev.topymedia.com\/refontetopymedia\/services-communication\/web-et-marketing-digital\/#breadcrumb","itemListElement":[{"@type":"ListItem","position":1,"name":"Accueil","item":"https:\/\/webdev.topymedia.com\/refontetopymedia\/"},{"@type":"ListItem","position":2,"name":"Les prestations qui vont vous mettre en lumi\u00e8re","item":"https:\/\/webdev.topymedia.com\/refontetopymedia\/services-communication\/"},{"@type":"ListItem","position":3,"name":"Web et marketing digital"}]},{"@type":"WebSite","@id":"https:\/\/webdev.topymedia.com\/refontetopymedia\/#website","url":"https:\/\/webdev.topymedia.com\/refontetopymedia\/","name":"Topymedia","description":"Agence de communication - Bassin d&#039;Arcachon &amp; Bordeaux M\u00e9tropole","potentialAction":[{"@type":"SearchAction","target":{"@type":"EntryPoint","urlTemplate":"https:\/\/webdev.topymedia.com\/refontetopymedia\/?s={search_term_string}"},"query-input":{"@type":"PropertyValueSpecification","valueRequired":true,"valueName":"search_term_string"}}],"inLanguage":"fr-FR"}]}},"_links":{"self":[{"href":"https:\/\/webdev.topymedia.com\/refontetopymedia\/wp-json\/wp\/v2\/pages\/8800","targetHints":{"allow":["GET"]}}],"collection":[{"href":"https:\/\/webdev.topymedia.com\/refontetopymedia\/wp-json\/wp\/v2\/pages"}],"about":[{"href":"https:\/\/webdev.topymedia.com\/refontetopymedia\/wp-json\/wp\/v2\/types\/page"}],"author":[{"embeddable":true,"href":"https:\/\/webdev.topymedia.com\/refontetopymedia\/wp-json\/wp\/v2\/users\/3"}],"replies":[{"embeddable":true,"href":"https:\/\/webdev.topymedia.com\/refontetopymedia\/wp-json\/wp\/v2\/comments?post=8800"}],"version-history":[{"count":0,"href":"https:\/\/webdev.topymedia.com\/refontetopymedia\/wp-json\/wp\/v2\/pages\/8800\/revisions"}],"up":[{"embeddable":true,"href":"https:\/\/webdev.topymedia.com\/refontetopymedia\/wp-json\/wp\/v2\/pages\/8785"}],"wp:attachment":[{"href":"https:\/\/webdev.topymedia.com\/refontetopymedia\/wp-json\/wp\/v2\/media?parent=8800"}],"curies":[{"name":"wp","href":"https:\/\/api.w.org\/{rel}","templated":true}]}}