{"id":8785,"date":"2021-04-12T16:48:38","date_gmt":"2021-04-12T14:48:38","guid":{"rendered":"https:\/\/webdev.topymedia.com\/refontetopymedia\/webdev\/topymedia\/?page_id=8785"},"modified":"2024-11-13T12:04:47","modified_gmt":"2024-11-13T11:04:47","slug":"services-communication","status":"publish","type":"page","link":"https:\/\/webdev.topymedia.com\/refontetopymedia\/services-communication\/","title":{"rendered":"Les prestations qui vont vous mettre en lumi\u00e8re"},"content":{"rendered":"<p>[vc_row][vc_column]    <div class=\"split-screen split-screen-649aab61255f2\">\n              <div class=\"mouse-button\"><span><\/span><\/div>\n              <div class=\"banner-social-links\">\n          <div class=\"social-links\"><a href=\"https:\/\/www.facebook.com\/topymedia\"><span>fb<\/span><span>Facebook<\/span><\/a><a href=\"https:\/\/www.linkedin.com\/company\/topymedia\/\"><span>li<\/span><span>LinkedIn<\/span><\/a><a href=\"https:\/\/www.instagram.com\/topymedia\/\"><span>in<\/span><span>Instagram<\/span><\/a><\/div>\n        <\/div>\n              <div class=\"navigation-block\">\n          <div class=\"prev free-basic-ui-elements-down-arrow\"><\/div>\n          <div class=\"pagination\"><\/div>\n          <div class=\"next free-basic-ui-elements-down-arrow\"><\/div>\n        <\/div>\n            <div class=\"items\">\n            <div class=\"screen-item ops-screen-649ab0e296f99\">\n              <div class=\"item item-left\">\n          <div class=\"content\">\n                  <div class=\"heading-block heading-649ab10907f55 tal h-h5\">\n                  <div class=\"sub-h\">\u00caTES VOUS PR\u00caT \u00c0 RAYONNER ?<\/div>\n                  <h5 class=\"h\">Pour vous faire <span>conna\u00eetre<\/span>, pour <span>vendre<\/span><br \/>\nvos produits ou services, pour <span>fid\u00e9liser<\/span>,<br \/>\npour <span>recruter<\/span>, pour <span>transmettre<\/span>,<br \/>\naccompagner, \u00e9duquer, prouver..<\/h5>\n              <\/div>\n    [vc_column_text]<span style=\"font-size: 10pt;\">Notre m\u00e9tier est de vous<strong> mettre en lumi\u00e8re<\/strong>, pour <strong>booster<\/strong> vos ventes en<\/span><br \/>\n<span style=\"font-size: 10pt;\">vous proposant une <a href=\"https:\/\/webdev.topymedia.com\/refontetopymedia\/services-communication\/strategie-de-communication\/\"><span style=\"color: #ffcc00;\">strat\u00e9gie de communication<\/span><\/a> ainsi que notre \u00e9ventail de comp\u00e9tences. <\/span><span style=\"font-size: 10pt;\">Chez Topymedia, nous avons une sp\u00e9cialit\u00e9 et une seule : vous fournir les <\/span><span style=\"font-size: 10pt;\">outils n\u00e9cessaires \u00e0 votre <strong>visibilit\u00e9<\/strong>.<\/span><span style=\"font-size: 10pt;\"><img decoding=\"async\" class=\" wp-image-815 alignright\" src=\"https:\/\/webdev.topymedia.com\/refontetopymedia\/wp-content\/uploads\/2021\/04\/signature-copie.png\" alt=\"\" width=\"125\" height=\"72\" \/><\/span>[\/vc_column_text]      <div class=\"heading-block heading-64cce8ea665df tal h-h2\">\n                  <div class=\"sub-h\">D\u00c9COUVREZ NOS SERVICES<\/div>\n              <\/div>\n    [vc_column_text]<span style=\"font-size: 10pt;\">\u2022 <a href=\"https:\/\/webdev.topymedia.com\/refontetopymedia\/services-communication\/strategie-de-communication\/\"><span style=\"color: #ffffff;\">Strat\u00e9gie de<\/span><span style=\"color: #ff9900;\"> communication<\/span><\/a><\/span><\/p>\n<p><span style=\"font-size: 10pt;\">\u2022 Cr\u00e9ation de <\/span><a href=\"https:\/\/webdev.topymedia.com\/refontetopymedia\/services-communication\/web-et-marketing-digital\/creation-de-site-internet\/\"><span style=\"color: #ff9900; font-size: 10pt;\">site internet<\/span><\/a><\/p>\n<p><span style=\"font-size: 10pt;\">\u2022 <a href=\"https:\/\/webdev.topymedia.com\/refontetopymedia\/services-communication\/web-et-marketing-digital\/gestion-reseaux-sociaux\/\"><span style=\"color: #ffffff;\">Gestion des<\/span> <span style=\"color: #ff9900;\">r\u00e9seaux sociaux<\/span><\/a><\/span><\/p>\n<p><span style=\"font-size: 10pt;\">\u2022 <a href=\"https:\/\/webdev.topymedia.com\/refontetopymedia\/services-communication\/shooting-photo-video\/\"><span style=\"color: #ffffff;\">Shooting<\/span> <span style=\"color: #ff9900;\">photo<\/span> <span style=\"color: #ffffff;\">et<\/span> <span style=\"color: #ff9900;\">vid\u00e9o<\/span><\/a><\/span><\/p>\n<p><a href=\"https:\/\/webdev.topymedia.com\/refontetopymedia\/identite-visuelle\/\"><span style=\"font-size: 10pt;\">\u2022Identit\u00e9 <span style=\"color: #ff9900;\">visuelle<\/span><\/span><\/a>[\/vc_column_text]          <\/div>\n        <\/div>\n        <div class=\"item item-right type-image\" style=\"background-image: url(https:\/\/webdev.topymedia.com\/refontetopymedia\/wp-content\/uploads\/2023\/05\/photo-1.jpg);\"><\/div>\n          <\/div>\n        <div class=\"screen-item ops-screen-64ccf03f7c4fe\">\n              <div class=\"item item-left type-image\" style=\"background-image: url(https:\/\/webdev.topymedia.com\/refontetopymedia\/wp-content\/uploads\/2023\/08\/strategide-de-comm.png);\"><\/div>\n        <div class=\"item item-right\">\n          <div class=\"content\">\n            [vc_single_image image=&#8221;9901&#8243; img_size=&#8221;90&#215;70&#8243;]      <div class=\"heading-block heading-64ccf07d8919c tal h-h3\">\n                  <div class=\"sub-h\">CONSEIL ET STRAT\u00c9GIE<\/div>\n                  <h3 class=\"h\"><span>Strat\u00e9gie<\/span> de<br \/>\ncommunication<\/h3>\n              <\/div>\n    [vc_column_text]<span style=\"font-size: 10pt;\">Chez Topymedia, nous partons du principe que chaque client ou campagne de communication est unique. Notre priorit\u00e9 est avant tout de bien comprendre vos attentes. Quelle que soit la probl\u00e9matique : positionnement de marque ou repositionnement, architecture de marque, cr\u00e9ation du territoire d\u2019expression, concept de communication\u2026 la co-construction est au c\u0153ur de notre m\u00e9thodologie.<\/span>[\/vc_column_text]          <div class=\"button-container button-64ccf1a17e478 left\">\n        <a class=\"button-style1\" href=\"https:\/\/webdev.topymedia.com\/refontetopymedia\/services-communication\/strategie-de-communication\/\" target=\"_self\">\n                      <span class=\"d\"><span><\/span><\/span>\n                    <span>LIRE PLUS<\/span>\n        <\/a>\n      <\/div>\n                  <\/div>\n        <\/div>\n          <\/div>\n        <div class=\"screen-item ops-screen-649ab283c1c31\">\n              <div class=\"item item-left\">\n          <div class=\"content\">\n            [vc_single_image image=&#8221;9809&#8243; img_size=&#8221;90&#215;70&#8243; style=&#8221;vc_box_rounded&#8221;]      <div class=\"heading-block heading-649ab2ad503e4 tal h-h3\">\n                  <div class=\"sub-h\">WEB ET MARKETING DIGITAL<\/div>\n                  <h3 class=\"h\">Cr\u00e9ation de <span>site internet<\/span><\/h3>\n              <\/div>\n    [vc_column_text]<span style=\"font-size: 10pt;\">La cr\u00e9ation de site internet est devenue indispensable pour toute entreprise qui souhaite booster son chiffre d\u2019affaire. Le site web incarne votre identit\u00e9 num\u00e9rique, il est le reflet de votre dynamisme. A l\u2019heure o\u00f9 des milliers de sites internet sont cr\u00e9\u00e9s chaque jour, se faire accompagner par une agence de cr\u00e9ation de site internet est le moyen le plus s\u00fbr pour gagner du temps et de ne pas \u00eatre d\u00e9\u00e7u par le r\u00e9sultat ou les objectifs de visibilit\u00e9 attendus.<\/span>[\/vc_column_text][vc_column_text][\/vc_column_text]          <div class=\"button-container button- left\">\n        <a class=\"button-style1\" href=\"https:\/\/webdev.topymedia.com\/refontetopymedia\/services-communication\/web-et-marketing-digital\/creation-de-site-internet\/\" target=\"_self\">\n                      <span class=\"d\"><span><\/span><\/span>\n                    <span>LIRE PLUS<\/span>\n        <\/a>\n      <\/div>\n                  <\/div>\n        <\/div>\n        <div class=\"item item-right type-image\" style=\"background-image: url(https:\/\/webdev.topymedia.com\/refontetopymedia\/wp-content\/uploads\/2023\/10\/Plan-de-travail-1-copie-3@4x-100-1-scaled.jpg);\"><\/div>\n          <\/div>\n        <div class=\"screen-item ops-screen-64aea1d7c9908\">\n              <div class=\"item item-left type-image\" style=\"background-image: url(https:\/\/webdev.topymedia.com\/refontetopymedia\/wp-content\/uploads\/2023\/06\/photo-services-rs-scaled.jpg);\"><\/div>\n        <div class=\"item item-right\">\n          <div class=\"content\">\n            [vc_single_image image=&#8221;9820&#8243; img_size=&#8221;90&#215;110&#8243;]      <div class=\"heading-block heading-64aea1f148658 tal h-h3\">\n                  <div class=\"sub-h\">WEB ET MARKETING DIGITAL<\/div>\n                  <h3 class=\"h\">Gestion des <span>r\u00e9seaux sociaux<\/span><\/h3>\n              <\/div>\n    [vc_column_text]<span style=\"font-size: 10pt;\">La\u00a0<strong>gestion des r\u00e9seaux sociaux<\/strong>\u00a0est devenue incontournable. Saviez-vous que sur les 2h15 que nous passons quotidiennement sur le web, 45 minutes sont consacr\u00e9es aux r\u00e9seaux sociaux ? Pour les entreprises qui souhaitent faire conna\u00eetre leurs produits ou leurs services, avoir une bonne strat\u00e9gie social m\u00e9dia est donc n\u00e9cessaire pour susciter l\u2019attention sur sa marque, mais aussi accro\u00eetre sa communaut\u00e9, am\u00e9liorer sa notori\u00e9t\u00e9, d\u00e9velopper ses ventes ou encore fid\u00e9liser sa client\u00e8le.<\/span>[\/vc_column_text]          <div class=\"button-container button-64aec2344b687 left\">\n        <a class=\"button-style1\" href=\"https:\/\/webdev.topymedia.com\/refontetopymedia\/services-communication\/web-et-marketing-digital\/gestion-reseaux-sociaux\/\" target=\"_self\">\n                      <span class=\"d\"><span><\/span><\/span>\n                    <span>LIRE PLUS<\/span>\n        <\/a>\n      <\/div>\n                  <\/div>\n        <\/div>\n          <\/div>\n        <div class=\"screen-item ops-screen-64ccf369e91b1\">\n              <div class=\"item item-left\">\n          <div class=\"content\">\n            [vc_single_image image=&#8221;9909&#8243; img_size=&#8221;130 x 110&#8243;]      <div class=\"heading-block heading-64ccf84b0445f tal h-h3\">\n                  <div class=\"sub-h\">IMAGE<\/div>\n                  <h3 class=\"h\">Shooting <span>photo<\/span> et <span>vid\u00e9o<\/span><\/h3>\n              <\/div>\n    [vc_column_text]<span style=\"font-size: 10pt;\">Topymedia vous propose un service sur-mesure de shooting vid\u00e9o et photo.<\/span><br \/>\n<span style=\"font-size: 10pt;\">De la conception du projet \u00e0 la r\u00e9alisation, nous mettons notre exp\u00e9rience au service de vos id\u00e9es.<\/span><br \/>\n<span style=\"font-size: 10pt;\">Vid\u00e9aste et photographe professionnel, nous r\u00e9alisons diff\u00e9rents formats de vid\u00e9os : publicit\u00e9, pr\u00e9sentation d\u2019entreprise, reportage et shooting photo.<\/span><br \/>\n<span style=\"font-size: 10pt;\">Nous nous d\u00e9pla\u00e7ons dans toute la gironde (h\u00f4tel, lieu touristique, paysage particulier \u2026).<\/span>[\/vc_column_text]          <div class=\"button-container button-64ccf8b50dc28 left\">\n        <a class=\"button-style1\" href=\"https:\/\/webdev.topymedia.com\/refontetopymedia\/services-communication\/shooting-photo-video\/\" target=\"_self\">\n                      <span class=\"d\"><span><\/span><\/span>\n                    <span>LIRE PLUS<\/span>\n        <\/a>\n      <\/div>\n                  <\/div>\n        <\/div>\n        <div class=\"item item-right type-image\" style=\"background-image: url(https:\/\/webdev.topymedia.com\/refontetopymedia\/wp-content\/uploads\/2023\/08\/photo-video.png);\"><\/div>\n          <\/div>\n        <div class=\"screen-item ops-screen-64ccfb23bff2b\">\n              <div class=\"item item-left type-image\" style=\"background-image: url(https:\/\/webdev.topymedia.com\/refontetopymedia\/wp-content\/uploads\/2023\/08\/graphisme.png);\"><\/div>\n        <div class=\"item item-right\">\n          <div class=\"content\">\n            [vc_single_image image=&#8221;9914&#8243; img_size=&#8221;110 x 110&#8243;]      <div class=\"heading-block heading-64ccfc049c13d tal h-h3\">\n                  <div class=\"sub-h\">IDENTIT\u00c9 VISUELLE<\/div>\n                  <h3 class=\"h\">Votre <span>identit\u00e9 de marque<\/span><\/h3>\n              <\/div>\n    [vc_column_text]<span style=\"font-size: 10pt;\">Beau et efficace, tels pourraient \u00eatre les deux crit\u00e8res de notre approche graphique. Notre objectif est simple : vous permettre de remporter l\u2019adh\u00e9sion de votre public gr\u00e2ce \u00e0 une communication visuelle percutante, d\u00e8s le premier coup d\u2019oeil. Du print au web, Topymedia met son professionnalisme au service de ses clients pour le meilleur r\u00e9sultat.<\/span>[\/vc_column_text]          <div class=\"button-container button-64ccfcd2e69b4 left\">\n        <a class=\"button-style1\" href=\"https:\/\/webdev.topymedia.com\/refontetopymedia\/identite-visuelle\/\" target=\"_self\">\n                      <span class=\"d\"><span><\/span><\/span>\n                    <span>LIRE PLUS<\/span>\n        <\/a>\n      <\/div>\n                  <\/div>\n        <\/div>\n          <\/div>\n        <div class=\"screen-item ops-screen-64ccfd82f3fd3\">\n              <div class=\"item item-left\">\n          <div class=\"content\">\n                  <div class=\"heading-block heading-64ccfe50a05f7 tal h-h2\">\n                  <div class=\"sub-h\">VOUS AVEZ UN PROJET ?<\/div>\n                  <h2 class=\"h\"><span>Contactez<\/span>-nous.<\/h2>\n              <\/div>\n        <div class=\"icon-box3-block icon-box3-block-64cd01b44ad86 row\">\n          <div class=\" col-12 col-sm-12 col-md-12 col-lg-12 col-xl-12\">\n      <div class=\"icon-box-style3 icon-box-style3-64cd01bb65476\">\n        <div class=\"top\">\n                      <i class=\"base-icon-phone-call\"><\/i>\n                      <h5 class=\"h\">05 40 80 42 73<\/h5>\n                  <\/div>\n              <\/div>\n    <\/div>\n        <div class=\" col-12 col-sm-12 col-md-12 col-lg-12 col-xl-12\">\n      <div class=\"icon-box-style3 icon-box-style3-64cd025470b55\">\n        <div class=\"top\">\n                      <i class=\"base-icon-envelope\"><\/i>\n                      <h5 class=\"h\">contact@webdev.topymedia.com<\/h5>\n                  <\/div>\n              <\/div>\n    <\/div>\n        <div class=\" col-12 col-sm-12 col-md-12 col-lg-12 col-xl-12\">\n      <div class=\"icon-box-style3 icon-box-style3-64cd0288e405a\">\n        <div class=\"top\">\n                      <i class=\"essential-set-placeholder-3\"><\/i>\n                      <h5 class=\"h\">9 avenue des Fr\u00e8re Montgolfier<br \/>\n33510 Andernos-Les-Bains<\/h5>\n                  <\/div>\n              <\/div>\n    <\/div>\n        <\/div>\n              <div class=\"button-container button-64cd02da40717 left\">\n        <a class=\"button-style1\" href=\"https:\/\/webdev.topymedia.com\/refontetopymedia\/contact-agence-communication\/\" target=\"_self\">\n                      <span class=\"d\"><span><\/span><\/span>\n                    <span>DITES-NOUS TOUT !<\/span>\n        <\/a>\n      <\/div>\n                  <\/div>\n        <\/div>\n        <div class=\"item item-right type-map\" style=\"\"><div class=\"map-block\">\n        <div class=\"map\" id=\"ops-screen-64ccfd82f3fd3\"><\/div>\n      <\/div><\/div>\n          <\/div>\n          <\/div>\n    <\/div>\n    [\/vc_column][\/vc_row][vc_row][vc_column el_id=&#8221;btn-call&#8221;]          <div class=\"button-container button-673482e10c3ba right\">\n        <a class=\"button-style2\" href=\"tel:%20%200540804273\" target=\"_self\">\n                    <span>Appeler l'agence<\/span>\n        <\/a>\n      <\/div>\n        [\/vc_column][\/vc_row]<\/p>\n","protected":false},"excerpt":{"rendered":"<p>[vc_row][vc_column][\/vc_column][\/vc_row][vc_row][vc_column el_id=&#8221;btn-call&#8221;][\/vc_column][\/vc_row]<\/p>\n","protected":false},"author":3,"featured_media":0,"parent":0,"menu_order":0,"comment_status":"closed","ping_status":"closed","template":"redux-templates_full_width","meta":{"_acf_changed":false,"footnotes":""},"class_list":["post-8785","page","type-page","status-publish","hentry"],"acf":[],"yoast_head":"<!-- This site is optimized with the Yoast SEO plugin v27.5 - https:\/\/yoast.com\/product\/yoast-seo-wordpress\/ -->\n<title>Les prestations qui vont vous mettre en lumi\u00e8re &#8226; Topymedia<\/title>\n<meta name=\"description\" content=\"Notre m\u00e9tier est de vous mettre en lumi\u00e8re : cr\u00e9ation d&#039;identit\u00e9 visuelle, de site internet, gestion de vos r\u00e9seaux sociaux...\" \/>\n<meta name=\"robots\" content=\"index, follow, max-snippet:-1, max-image-preview:large, max-video-preview:-1\" \/>\n<link rel=\"canonical\" href=\"https:\/\/webdev.topymedia.com\/refontetopymedia\/services-communication\/\" \/>\n<meta property=\"og:locale\" content=\"fr_FR\" \/>\n<meta property=\"og:type\" content=\"article\" \/>\n<meta property=\"og:title\" content=\"Les prestations qui vont vous mettre en lumi\u00e8re &#8226; Topymedia\" \/>\n<meta property=\"og:description\" content=\"Notre m\u00e9tier est de vous mettre en lumi\u00e8re : cr\u00e9ation d&#039;identit\u00e9 visuelle, de site internet, gestion de vos r\u00e9seaux sociaux...\" \/>\n<meta property=\"og:url\" content=\"https:\/\/webdev.topymedia.com\/refontetopymedia\/services-communication\/\" \/>\n<meta property=\"og:site_name\" content=\"Topymedia\" \/>\n<meta property=\"article:publisher\" content=\"https:\/\/www.facebook.com\/topymedia\" \/>\n<meta property=\"article:modified_time\" content=\"2024-11-13T11:04:47+00:00\" \/>\n<meta property=\"og:image\" content=\"https:\/\/webdev.topymedia.com\/refontetopymedia\/wp-content\/uploads\/2021\/04\/signature-copie.png\" \/>\n\t<meta property=\"og:image:width\" content=\"179\" \/>\n\t<meta property=\"og:image:height\" content=\"103\" \/>\n\t<meta property=\"og:image:type\" content=\"image\/png\" \/>\n<meta name=\"twitter:card\" content=\"summary_large_image\" \/>\n<meta name=\"twitter:label1\" content=\"Dur\u00e9e de lecture estim\u00e9e\" \/>\n\t<meta name=\"twitter:data1\" content=\"3 minutes\" \/>\n<script type=\"application\/ld+json\" class=\"yoast-schema-graph\">{\"@context\":\"https:\\\/\\\/schema.org\",\"@graph\":[{\"@type\":\"WebPage\",\"@id\":\"https:\\\/\\\/webdev.topymedia.com\\\/refontetopymedia\\\/services-communication\\\/\",\"url\":\"https:\\\/\\\/webdev.topymedia.com\\\/refontetopymedia\\\/services-communication\\\/\",\"name\":\"Les prestations qui vont vous mettre en lumi\u00e8re &#8226; Topymedia\",\"isPartOf\":{\"@id\":\"https:\\\/\\\/webdev.topymedia.com\\\/refontetopymedia\\\/#website\"},\"primaryImageOfPage\":{\"@id\":\"https:\\\/\\\/webdev.topymedia.com\\\/refontetopymedia\\\/services-communication\\\/#primaryimage\"},\"image\":{\"@id\":\"https:\\\/\\\/webdev.topymedia.com\\\/refontetopymedia\\\/services-communication\\\/#primaryimage\"},\"thumbnailUrl\":\"https:\\\/\\\/webdev.topymedia.com\\\/refontetopymedia\\\/wp-content\\\/uploads\\\/2021\\\/04\\\/signature-copie.png\",\"datePublished\":\"2021-04-12T14:48:38+00:00\",\"dateModified\":\"2024-11-13T11:04:47+00:00\",\"description\":\"Notre m\u00e9tier est de vous mettre en lumi\u00e8re : cr\u00e9ation d'identit\u00e9 visuelle, de site internet, gestion de vos r\u00e9seaux sociaux...\",\"breadcrumb\":{\"@id\":\"https:\\\/\\\/webdev.topymedia.com\\\/refontetopymedia\\\/services-communication\\\/#breadcrumb\"},\"inLanguage\":\"fr-FR\",\"potentialAction\":[{\"@type\":\"ReadAction\",\"target\":[\"https:\\\/\\\/webdev.topymedia.com\\\/refontetopymedia\\\/services-communication\\\/\"]}]},{\"@type\":\"ImageObject\",\"inLanguage\":\"fr-FR\",\"@id\":\"https:\\\/\\\/webdev.topymedia.com\\\/refontetopymedia\\\/services-communication\\\/#primaryimage\",\"url\":\"https:\\\/\\\/webdev.topymedia.com\\\/refontetopymedia\\\/wp-content\\\/uploads\\\/2021\\\/04\\\/signature-copie.png\",\"contentUrl\":\"https:\\\/\\\/webdev.topymedia.com\\\/refontetopymedia\\\/wp-content\\\/uploads\\\/2021\\\/04\\\/signature-copie.png\",\"width\":179,\"height\":103},{\"@type\":\"BreadcrumbList\",\"@id\":\"https:\\\/\\\/webdev.topymedia.com\\\/refontetopymedia\\\/services-communication\\\/#breadcrumb\",\"itemListElement\":[{\"@type\":\"ListItem\",\"position\":1,\"name\":\"Accueil\",\"item\":\"https:\\\/\\\/webdev.topymedia.com\\\/refontetopymedia\\\/\"},{\"@type\":\"ListItem\",\"position\":2,\"name\":\"Les prestations qui vont vous mettre en lumi\u00e8re\"}]},{\"@type\":\"WebSite\",\"@id\":\"https:\\\/\\\/webdev.topymedia.com\\\/refontetopymedia\\\/#website\",\"url\":\"https:\\\/\\\/webdev.topymedia.com\\\/refontetopymedia\\\/\",\"name\":\"Topymedia\",\"description\":\"Agence de communication - Bassin d&#039;Arcachon &amp; Bordeaux M\u00e9tropole\",\"potentialAction\":[{\"@type\":\"SearchAction\",\"target\":{\"@type\":\"EntryPoint\",\"urlTemplate\":\"https:\\\/\\\/webdev.topymedia.com\\\/refontetopymedia\\\/?s={search_term_string}\"},\"query-input\":{\"@type\":\"PropertyValueSpecification\",\"valueRequired\":true,\"valueName\":\"search_term_string\"}}],\"inLanguage\":\"fr-FR\"}]}<\/script>\n<!-- \/ Yoast SEO plugin. -->","yoast_head_json":{"title":"Les prestations qui vont vous mettre en lumi\u00e8re &#8226; Topymedia","description":"Notre m\u00e9tier est de vous mettre en lumi\u00e8re : cr\u00e9ation d'identit\u00e9 visuelle, de site internet, gestion de vos r\u00e9seaux sociaux...","robots":{"index":"index","follow":"follow","max-snippet":"max-snippet:-1","max-image-preview":"max-image-preview:large","max-video-preview":"max-video-preview:-1"},"canonical":"https:\/\/webdev.topymedia.com\/refontetopymedia\/services-communication\/","og_locale":"fr_FR","og_type":"article","og_title":"Les prestations qui vont vous mettre en lumi\u00e8re &#8226; Topymedia","og_description":"Notre m\u00e9tier est de vous mettre en lumi\u00e8re : cr\u00e9ation d'identit\u00e9 visuelle, de site internet, gestion de vos r\u00e9seaux sociaux...","og_url":"https:\/\/webdev.topymedia.com\/refontetopymedia\/services-communication\/","og_site_name":"Topymedia","article_publisher":"https:\/\/www.facebook.com\/topymedia","article_modified_time":"2024-11-13T11:04:47+00:00","og_image":[{"width":179,"height":103,"url":"https:\/\/webdev.topymedia.com\/refontetopymedia\/wp-content\/uploads\/2021\/04\/signature-copie.png","type":"image\/png"}],"twitter_card":"summary_large_image","twitter_misc":{"Dur\u00e9e de lecture estim\u00e9e":"3 minutes"},"schema":{"@context":"https:\/\/schema.org","@graph":[{"@type":"WebPage","@id":"https:\/\/webdev.topymedia.com\/refontetopymedia\/services-communication\/","url":"https:\/\/webdev.topymedia.com\/refontetopymedia\/services-communication\/","name":"Les prestations qui vont vous mettre en lumi\u00e8re &#8226; Topymedia","isPartOf":{"@id":"https:\/\/webdev.topymedia.com\/refontetopymedia\/#website"},"primaryImageOfPage":{"@id":"https:\/\/webdev.topymedia.com\/refontetopymedia\/services-communication\/#primaryimage"},"image":{"@id":"https:\/\/webdev.topymedia.com\/refontetopymedia\/services-communication\/#primaryimage"},"thumbnailUrl":"https:\/\/webdev.topymedia.com\/refontetopymedia\/wp-content\/uploads\/2021\/04\/signature-copie.png","datePublished":"2021-04-12T14:48:38+00:00","dateModified":"2024-11-13T11:04:47+00:00","description":"Notre m\u00e9tier est de vous mettre en lumi\u00e8re : cr\u00e9ation d'identit\u00e9 visuelle, de site internet, gestion de vos r\u00e9seaux sociaux...","breadcrumb":{"@id":"https:\/\/webdev.topymedia.com\/refontetopymedia\/services-communication\/#breadcrumb"},"inLanguage":"fr-FR","potentialAction":[{"@type":"ReadAction","target":["https:\/\/webdev.topymedia.com\/refontetopymedia\/services-communication\/"]}]},{"@type":"ImageObject","inLanguage":"fr-FR","@id":"https:\/\/webdev.topymedia.com\/refontetopymedia\/services-communication\/#primaryimage","url":"https:\/\/webdev.topymedia.com\/refontetopymedia\/wp-content\/uploads\/2021\/04\/signature-copie.png","contentUrl":"https:\/\/webdev.topymedia.com\/refontetopymedia\/wp-content\/uploads\/2021\/04\/signature-copie.png","width":179,"height":103},{"@type":"BreadcrumbList","@id":"https:\/\/webdev.topymedia.com\/refontetopymedia\/services-communication\/#breadcrumb","itemListElement":[{"@type":"ListItem","position":1,"name":"Accueil","item":"https:\/\/webdev.topymedia.com\/refontetopymedia\/"},{"@type":"ListItem","position":2,"name":"Les prestations qui vont vous mettre en lumi\u00e8re"}]},{"@type":"WebSite","@id":"https:\/\/webdev.topymedia.com\/refontetopymedia\/#website","url":"https:\/\/webdev.topymedia.com\/refontetopymedia\/","name":"Topymedia","description":"Agence de communication - Bassin d&#039;Arcachon &amp; Bordeaux M\u00e9tropole","potentialAction":[{"@type":"SearchAction","target":{"@type":"EntryPoint","urlTemplate":"https:\/\/webdev.topymedia.com\/refontetopymedia\/?s={search_term_string}"},"query-input":{"@type":"PropertyValueSpecification","valueRequired":true,"valueName":"search_term_string"}}],"inLanguage":"fr-FR"}]}},"_links":{"self":[{"href":"https:\/\/webdev.topymedia.com\/refontetopymedia\/wp-json\/wp\/v2\/pages\/8785","targetHints":{"allow":["GET"]}}],"collection":[{"href":"https:\/\/webdev.topymedia.com\/refontetopymedia\/wp-json\/wp\/v2\/pages"}],"about":[{"href":"https:\/\/webdev.topymedia.com\/refontetopymedia\/wp-json\/wp\/v2\/types\/page"}],"author":[{"embeddable":true,"href":"https:\/\/webdev.topymedia.com\/refontetopymedia\/wp-json\/wp\/v2\/users\/3"}],"replies":[{"embeddable":true,"href":"https:\/\/webdev.topymedia.com\/refontetopymedia\/wp-json\/wp\/v2\/comments?post=8785"}],"version-history":[{"count":11,"href":"https:\/\/webdev.topymedia.com\/refontetopymedia\/wp-json\/wp\/v2\/pages\/8785\/revisions"}],"predecessor-version":[{"id":11937,"href":"https:\/\/webdev.topymedia.com\/refontetopymedia\/wp-json\/wp\/v2\/pages\/8785\/revisions\/11937"}],"wp:attachment":[{"href":"https:\/\/webdev.topymedia.com\/refontetopymedia\/wp-json\/wp\/v2\/media?parent=8785"}],"curies":[{"name":"wp","href":"https:\/\/api.w.org\/{rel}","templated":true}]}}